{"id":3658,"date":"2022-01-01T19:08:34","date_gmt":"2022-01-01T16:08:34","guid":{"rendered":"https:\/\/iskmarket.com\/fail\/"},"modified":"2022-08-28T16:58:25","modified_gmt":"2022-08-28T13:58:25","slug":"fail","status":"publish","type":"page","link":"https:\/\/iskmarket.com\/fr\/fail\/","title":{"rendered":"\u00c9chec"},"content":{"rendered":"<section class=\"block-fail\">\r\n\t<div class=\"container\">\r\n\t\t<h1>Un probl\u00e8me est survenu sur le site pr\u00e9c\u00e9dent \ud83d\ude41<\/h1>\r\n\t\t<p class=\"subtitle\">Mais ce n&#8217;est pas un probl\u00e8me \ud83d\ude42<\/p>\r\n\t\t<p class=\"text\">Veuillez nous contacter via <span>LIVE CHAT<\/span> et nous vous aiderons.<\/p>\r\n\t\t<button class=\"btn-chat\">Chattez avec nous<\/button>\r\n\t<\/div>\r\n<\/section>\r\n","protected":false},"excerpt":{"rendered":"","protected":false},"author":1,"featured_media":0,"parent":0,"menu_order":0,"comment_status":"closed","ping_status":"closed","template":"","meta":{"inline_featured_image":false,"footnotes":""},"class_list":["post-3658","page","type-page","status-publish","hentry"],"acf":[],"yoast_head":"<!-- This site is optimized with the Yoast SEO plugin v27.0 - https:\/\/yoast.com\/product\/yoast-seo-wordpress\/ -->\n<title>\u00c9chec - IskMarket<\/title>\n<meta name=\"robots\" content=\"noindex, nofollow\" \/>\n<meta property=\"og:locale\" content=\"fr_FR\" \/>\n<meta property=\"og:type\" content=\"article\" \/>\n<meta property=\"og:title\" content=\"\u00c9chec - IskMarket\" \/>\n<meta property=\"og:url\" content=\"https:\/\/iskmarket.com\/fr\/fail\/\" \/>\n<meta property=\"og:site_name\" content=\"IskMarket\" \/>\n<meta property=\"article:modified_time\" content=\"2022-08-28T13:58:25+00:00\" \/>\n<meta name=\"twitter:card\" content=\"summary_large_image\" \/>\n<script type=\"application\/ld+json\" class=\"yoast-schema-graph\">{\"@context\":\"https:\/\/schema.org\",\"@graph\":[{\"@type\":\"WebPage\",\"@id\":\"https:\/\/iskmarket.com\/fr\/fail\/\",\"url\":\"https:\/\/iskmarket.com\/fr\/fail\/\",\"name\":\"\u00c9chec - IskMarket\",\"isPartOf\":{\"@id\":\"https:\/\/iskmarket.com\/#website\"},\"datePublished\":\"2022-01-01T16:08:34+00:00\",\"dateModified\":\"2022-08-28T13:58:25+00:00\",\"breadcrumb\":{\"@id\":\"https:\/\/iskmarket.com\/fr\/fail\/#breadcrumb\"},\"inLanguage\":\"fr-FR\",\"potentialAction\":[{\"@type\":\"ReadAction\",\"target\":[\"https:\/\/iskmarket.com\/fr\/fail\/\"]}]},{\"@type\":\"BreadcrumbList\",\"@id\":\"https:\/\/iskmarket.com\/fr\/fail\/#breadcrumb\",\"itemListElement\":[{\"@type\":\"ListItem\",\"position\":1,\"name\":\"Isk Market\",\"item\":\"https:\/\/iskmarket.com\/fr\/\"},{\"@type\":\"ListItem\",\"position\":2,\"name\":\"\u00c9chec\"}]},{\"@type\":\"WebSite\",\"@id\":\"https:\/\/iskmarket.com\/#website\",\"url\":\"https:\/\/iskmarket.com\/\",\"name\":\"IskMarket\",\"description\":\"Eve ISK, ships, characters, P.L.E.X and more\",\"publisher\":{\"@id\":\"https:\/\/iskmarket.com\/#organization\"},\"potentialAction\":[{\"@type\":\"SearchAction\",\"target\":{\"@type\":\"EntryPoint\",\"urlTemplate\":\"https:\/\/iskmarket.com\/?s={search_term_string}\"},\"query-input\":{\"@type\":\"PropertyValueSpecification\",\"valueRequired\":true,\"valueName\":\"search_term_string\"}}],\"inLanguage\":\"fr-FR\"},{\"@type\":\"Organization\",\"@id\":\"https:\/\/iskmarket.com\/#organization\",\"name\":\"IskMarket\",\"url\":\"https:\/\/iskmarket.com\/\",\"logo\":{\"@type\":\"ImageObject\",\"inLanguage\":\"fr-FR\",\"@id\":\"https:\/\/iskmarket.com\/#\/schema\/logo\/image\/\",\"url\":\"https:\/\/iskmarket.com\/wp-content\/uploads\/2021\/12\/logo.png\",\"contentUrl\":\"https:\/\/iskmarket.com\/wp-content\/uploads\/2021\/12\/logo.png\",\"width\":180,\"height\":49,\"caption\":\"IskMarket\"},\"image\":{\"@id\":\"https:\/\/iskmarket.com\/#\/schema\/logo\/image\/\"}}]}<\/script>\n<!-- \/ Yoast SEO plugin. -->","yoast_head_json":{"title":"\u00c9chec - IskMarket","robots":{"index":"noindex","follow":"nofollow"},"og_locale":"fr_FR","og_type":"article","og_title":"\u00c9chec - IskMarket","og_url":"https:\/\/iskmarket.com\/fr\/fail\/","og_site_name":"IskMarket","article_modified_time":"2022-08-28T13:58:25+00:00","twitter_card":"summary_large_image","schema":{"@context":"https:\/\/schema.org","@graph":[{"@type":"WebPage","@id":"https:\/\/iskmarket.com\/fr\/fail\/","url":"https:\/\/iskmarket.com\/fr\/fail\/","name":"\u00c9chec - IskMarket","isPartOf":{"@id":"https:\/\/iskmarket.com\/#website"},"datePublished":"2022-01-01T16:08:34+00:00","dateModified":"2022-08-28T13:58:25+00:00","breadcrumb":{"@id":"https:\/\/iskmarket.com\/fr\/fail\/#breadcrumb"},"inLanguage":"fr-FR","potentialAction":[{"@type":"ReadAction","target":["https:\/\/iskmarket.com\/fr\/fail\/"]}]},{"@type":"BreadcrumbList","@id":"https:\/\/iskmarket.com\/fr\/fail\/#breadcrumb","itemListElement":[{"@type":"ListItem","position":1,"name":"Isk Market","item":"https:\/\/iskmarket.com\/fr\/"},{"@type":"ListItem","position":2,"name":"\u00c9chec"}]},{"@type":"WebSite","@id":"https:\/\/iskmarket.com\/#website","url":"https:\/\/iskmarket.com\/","name":"IskMarket","description":"Eve ISK, ships, characters, P.L.E.X and more","publisher":{"@id":"https:\/\/iskmarket.com\/#organization"},"potentialAction":[{"@type":"SearchAction","target":{"@type":"EntryPoint","urlTemplate":"https:\/\/iskmarket.com\/?s={search_term_string}"},"query-input":{"@type":"PropertyValueSpecification","valueRequired":true,"valueName":"search_term_string"}}],"inLanguage":"fr-FR"},{"@type":"Organization","@id":"https:\/\/iskmarket.com\/#organization","name":"IskMarket","url":"https:\/\/iskmarket.com\/","logo":{"@type":"ImageObject","inLanguage":"fr-FR","@id":"https:\/\/iskmarket.com\/#\/schema\/logo\/image\/","url":"https:\/\/iskmarket.com\/wp-content\/uploads\/2021\/12\/logo.png","contentUrl":"https:\/\/iskmarket.com\/wp-content\/uploads\/2021\/12\/logo.png","width":180,"height":49,"caption":"IskMarket"},"image":{"@id":"https:\/\/iskmarket.com\/#\/schema\/logo\/image\/"}}]}},"_links":{"self":[{"href":"https:\/\/iskmarket.com\/fr\/wp-json\/wp\/v2\/pages\/3658","targetHints":{"allow":["GET"]}}],"collection":[{"href":"https:\/\/iskmarket.com\/fr\/wp-json\/wp\/v2\/pages"}],"about":[{"href":"https:\/\/iskmarket.com\/fr\/wp-json\/wp\/v2\/types\/page"}],"author":[{"embeddable":true,"href":"https:\/\/iskmarket.com\/fr\/wp-json\/wp\/v2\/users\/1"}],"replies":[{"embeddable":true,"href":"https:\/\/iskmarket.com\/fr\/wp-json\/wp\/v2\/comments?post=3658"}],"version-history":[{"count":2,"href":"https:\/\/iskmarket.com\/fr\/wp-json\/wp\/v2\/pages\/3658\/revisions"}],"predecessor-version":[{"id":3660,"href":"https:\/\/iskmarket.com\/fr\/wp-json\/wp\/v2\/pages\/3658\/revisions\/3660"}],"wp:attachment":[{"href":"https:\/\/iskmarket.com\/fr\/wp-json\/wp\/v2\/media?parent=3658"}],"curies":[{"name":"wp","href":"https:\/\/api.w.org\/{rel}","templated":true}]}}