{"id":1680,"date":"2022-04-04T15:30:26","date_gmt":"2022-04-04T12:30:26","guid":{"rendered":"https:\/\/iskmarket.com\/?page_id=1680"},"modified":"2022-04-05T15:17:40","modified_gmt":"2022-04-05T12:17:40","slug":"privacy-policy-es","status":"publish","type":"page","link":"https:\/\/iskmarket.com\/es\/privacy-policy-es\/","title":{"rendered":"PRIVACY POLICY"},"content":{"rendered":"\n<p><strong>POL\u00cdTICA DE PRIVACIDAD<\/strong><\/p>\n\n\n\n<p>IskMarket (en adelante, &#8220;IskMarket&#8221;) respeta sus derechos de privacidad y reconoce la importancia de proteger la Informaci\u00f3n Personal (como se define a continuaci\u00f3n) que usted nos proporciona. Esta Pol\u00edtica de Privacidad describe c\u00f3mo IskMarket recopila, almacena y utiliza la Informaci\u00f3n Personal que usted nos proporciona a trav\u00e9s de los sitios web de IskMarket y a trav\u00e9s de las comunicaciones telef\u00f3nicas o por chat en vivo que pueda tener con nosotros. Esta Pol\u00edtica de Privacidad tambi\u00e9n describe las opciones disponibles para usted con respecto al uso por parte de IskMarket de la Informaci\u00f3n Personal que nos proporciona, y las acciones que puede tomar para acceder a esta informaci\u00f3n y solicitar que IskMarket la corrija o la elimine.<br><br><\/p>\n\n\n\n<p><strong>Pol\u00edtica de reembolso<\/strong><\/p>\n\n\n\n<p>Debe comprender que su cuenta de juego puede ser bloqueada como resultado de la compra de moneda del juego. No tiene derecho a un reembolso si su cuenta ha sido bloqueada porque compr\u00f3 dinero del juego en nuestro sitio.<br>Tiene derecho a un reembolso si el servicio que proporcionamos no ha sido utilizado o, si fue utilizado parcialmente, tiene derecho a recibir un reembolso por los recursos que no gast\u00f3 o utiliz\u00f3.<\/p>\n\n\n\n<p>Tiene derecho a recibir un reembolso si usted no es la persona que realiz\u00f3 el pedido, siempre que pueda demostrarlo. Ejemplo: un informe policial en el que denuncia el intento de fraude.<br><\/p>\n\n\n\n<h2 class=\"wp-block-heading\"><\/h2>\n\n\n\n<p><strong>Consentimiento<\/strong><\/p>\n\n\n\n<p>Al utilizar los sitios web de IskMarket, usted reconoce que ha le\u00eddo esta Pol\u00edtica de Privacidad y acepta las pr\u00e1cticas descritas en este documento con respecto a la recopilaci\u00f3n, el uso y la divulgaci\u00f3n por parte de IskMarket de la Informaci\u00f3n Personal que usted nos proporciona. Esta es la Pol\u00edtica de Privacidad completa y exclusiva de IskMarket y reemplaza cualquier versi\u00f3n anterior. Nos reservamos el derecho de cambiar esta Pol\u00edtica de Privacidad de acuerdo con los t\u00e9rminos aqu\u00ed establecidos en cualquier momento, por lo que le alentamos a visitar esta p\u00e1gina con frecuencia, revisar esta Pol\u00edtica de Privacidad regularmente y mantenerse informado sobre cualquier cambio en la misma.<br>Si, despu\u00e9s de la revisi\u00f3n, a\u00fan tiene preguntas sobre alguna parte de esta Pol\u00edtica de Privacidad, comun\u00edquese con IskMarket utilizando la informaci\u00f3n de contacto que se proporciona al final de esta Pol\u00edtica de Privacidad.<\/p>\n\n\n\n<p><br><strong>Recopilaci\u00f3n y uso de informaci\u00f3n<\/strong><\/p>\n\n\n\n<p><strong>Informaci\u00f3n Personal<\/strong><\/p>\n\n\n\n<p>&#8220;Informaci\u00f3n Personal&#8221; significa informaci\u00f3n que puede identificarlo como un individuo espec\u00edfico, como su nombre, direcci\u00f3n, n\u00famero de tel\u00e9fono, direcci\u00f3n de correo electr\u00f3nico u otra informaci\u00f3n de contacto, ya sea en el trabajo o en el hogar.<\/p>\n\n\n\n<p>En todos los sitios web de IskMarket que recopilan Informaci\u00f3n Personal, describimos espec\u00edficamente qu\u00e9 informaci\u00f3n se requiere para proporcionarle el producto, servicio o caracter\u00edstica que ha solicitado.<\/p>\n\n\n\n<p>Recopilamos Informaci\u00f3n Personal cuando se comunica con nosotros, cuando se registra con nosotros, cuando utiliza nuestros productos y servicios, cuando nos env\u00eda un pedido, cuando visita nuestros sitios web o los sitios web de ciertos socios de IskMarket, y cuando participa en promociones y sorteos.<\/p>\n\n\n\n<p><\/p>\n\n\n\n<h2 class=\"wp-block-heading\"><\/h2>\n\n\n\n<p><strong>Registro<\/strong><\/p>\n\n\n\n<p>Cuando se registra con nosotros en este sitio, primero completa el formulario de registro en l\u00ednea, que requiere que cree un nombre de usuario y una contrase\u00f1a. Durante el registro, tambi\u00e9n debe proporcionar Informaci\u00f3n Personal, que puede incluir nombre y direcci\u00f3n de correo electr\u00f3nico. Usamos esta informaci\u00f3n para poder comunicarnos con usted sobre los servicios y productos en el sitio en los que ha expresado inter\u00e9s o que ha solicitado, y para facilitar la finalizaci\u00f3n de un pedido.<\/p>\n\n\n\n<h2 class=\"wp-block-heading\"><\/h2>\n\n\n\n<p><strong>Promociones, concursos y sorteos<\/strong><\/p>\n\n\n\n<p>De vez en cuando, IskMarket puede brindarle la oportunidad de participar en promociones, concursos o sorteos en su sitio web. Dichas promociones, concursos y sorteos tambi\u00e9n se regir\u00e1n por las normas y reglamentos publicados con dichas promociones, concursos y sorteos. Si participa, se le pedir\u00e1 que se registre en IskMarket, lo que requerir\u00e1 que proporcione cierta Informaci\u00f3n Personal. La participaci\u00f3n en estas promociones, concursos y sorteos es completamente voluntaria y, por lo tanto, tiene la opci\u00f3n de registrarse o no y proporcionar su Informaci\u00f3n Personal. La informaci\u00f3n solicitada generalmente incluye informaci\u00f3n de contacto, como nombre, direcci\u00f3n de correo electr\u00f3nico y n\u00famero de tel\u00e9fono. Usaremos esta informaci\u00f3n para notificar a los ganadores y otorgar premios.<\/p>\n\n\n\n<p>Adem\u00e1s, durante su proceso de registro, puede optar por recibir comunicaciones adicionales relacionadas de nuestra parte. Si decide participar, utilizaremos la informaci\u00f3n proporcionada para enviarle las comunicaciones descritas en esta Pol\u00edtica de Privacidad.<\/p>\n\n\n\n<h2 class=\"wp-block-heading\"><\/h2>\n\n\n\n<p><strong>Otra informaci\u00f3n recopilada<\/strong><\/p>\n\n\n\n<p>Cierta informaci\u00f3n puede recopilarse autom\u00e1ticamente cada vez que visita los sitios web de IskMarket, como cookies e informaci\u00f3n de la computadora. Adem\u00e1s, la informaci\u00f3n puede recopilarse de otras fuentes independientes de terceros. Tambi\u00e9n recopilamos informaci\u00f3n sobre las p\u00e1ginas que visita dentro de este sitio.<\/p>\n\n\n\n<p><\/p>\n\n\n\n<h2 class=\"wp-block-heading\"><\/h2>\n\n\n\n<p><\/p>\n\n\n\n<p><strong>Cookies<\/strong><\/p>\n\n\n\n<p>IskMarket utiliza tanto cookies de identificaci\u00f3n de sesi\u00f3n como cookies persistentes como parte de su interacci\u00f3n con su navegador. Una cookie es un archivo que el sitio web de IskMarket transfiere al disco duro de su computadora a trav\u00e9s de un navegador web para permitir que sus sistemas reconozcan su navegador con fines de registro. Una cookie de identificaci\u00f3n de sesi\u00f3n expira cuando cierra su navegador, mientras que una cookie persistente permanece en su disco duro durante un per\u00edodo de tiempo prolongado.<\/p>\n\n\n\n<p>Utilizamos cookies de identificaci\u00f3n de sesi\u00f3n para facilitarle la navegaci\u00f3n por nuestros sitios web. Usamos cookies persistentes para identificar y rastrear qu\u00e9 secciones de su sitio web visita con m\u00e1s frecuencia. Tambi\u00e9n utilizamos cookies persistentes en \u00e1reas de su sitio web donde debe registrarse y donde puede personalizar la informaci\u00f3n que ve, para que no tenga que ingresar sus preferencias m\u00e1s de una vez.<br><br>Al configurar las opciones en su navegador, puede controlar c\u00f3mo su sistema procesa las cookies. Sin embargo, si rechaza el uso de cookies, es posible que no pueda usar ciertas funciones en este sitio.<br><br><strong>Archivos de registro<\/strong><\/p>\n\n\n\n<p>Como ocurre con la mayor\u00eda de los sitios web, IskMarket recopila cierta informaci\u00f3n autom\u00e1ticamente y la almacena en archivos de registro. Esta informaci\u00f3n incluye direcciones de protocolo de Internet (IP), tipo de navegador, p\u00e1ginas de referencia\/salida, sistema operativo, marca de fecha\/hora y datos de flujo de clics. IskMarket utiliza esta informaci\u00f3n para analizar tendencias, detectar fraudes, administrar el sitio de IskMarket, rastrear los movimientos de los usuarios en el sitio web y recopilar informaci\u00f3n demogr\u00e1fica sobre la base de usuarios de IskMarket en su conjunto.<\/p>\n\n\n\n<h2 class=\"wp-block-heading\"><\/h2>\n\n\n\n<p><strong>Informaci\u00f3n de fuentes de terceros<\/strong><\/p>\n\n\n\n<p>IskMarket puede obtener informaci\u00f3n sobre usted de fuentes de terceros, como los Sistemas de Pago, y agregarla a la informaci\u00f3n de nuestra cuenta. Por ejemplo, cuando realiza un pedido en el sitio web de IskMarket utilizando PayPal, IskMarket obtiene sus datos como nombre, direcci\u00f3n de env\u00edo y correo electr\u00f3nico a trav\u00e9s de la API de PayPal y los almacena en los Datos de Registro.<\/p>\n\n\n\n<p><\/p>\n\n\n\n<h2 class=\"wp-block-heading\"><\/h2>\n\n\n\n<p><strong>Uso de la informaci\u00f3n<\/strong><\/p>\n\n\n\n<p><strong>Verificaci\u00f3n, facturaci\u00f3n y estado del pedido<\/strong><br>IskMarket recopila Informaci\u00f3n Personal para verificar la precisi\u00f3n de su nombre, direcci\u00f3n de correo electr\u00f3nico de facturaci\u00f3n y datos de geolocalizaci\u00f3n para detectar fraudes, para facturarle los productos y servicios adquiridos. IskMarket utiliza su(s) direcci\u00f3n(es) de correo electr\u00f3nico para contactarlo con respecto al estado de su pedido cuando sea necesario y para enviarle un Recibo de Compra y Estado del Pedido.<\/p>\n\n\n\n<h2 class=\"wp-block-heading\"><\/h2>\n\n\n\n<p><strong>Ofertas especiales y actualizaciones<\/strong><\/p>\n\n\n\n<p>IskMarket puede enviarle nuestro bolet\u00edn informativo e informaci\u00f3n sobre ofertas, promociones, concursos y sorteos relevantes que puedan ser de su inter\u00e9s. Dichas comunicaciones se env\u00edan solo si usted opta por recibirlas.<br><br><strong>Anuncios relacionados con el servicio<\/strong><\/p>\n\n\n\n<p>IskMarket puede, pero no est\u00e1 obligado a, enviarle anuncios estrictamente relacionados con el servicio en raras ocasiones cuando sea necesario hacerlo. Por ejemplo, si nuestro servicio se suspende temporalmente por mantenimiento, es posible que le enviemos un mensaje a trav\u00e9s del chat en vivo.<\/p>\n\n\n\n<p>En general, no puede optar por no recibir estas comunicaciones ya que no son de naturaleza promocional. Si no desea recibirlas, puede tener la opci\u00f3n de desactivar su cuenta.<br><br><strong>Investigaci\u00f3n<\/strong><\/p>\n\n\n\n<p>IskMarket utiliza la informaci\u00f3n recopilada para sus propios estudios internos de marketing y demogr\u00e1ficos para mejorar el servicio al cliente y las ofertas de productos.<\/p>\n\n\n\n<h2 class=\"wp-block-heading\"><\/h2>\n\n\n\n<p><\/p>\n\n\n\n<p><strong>Servicio al cliente<\/strong><\/p>\n\n\n\n<p>Nos comunicaremos con usted en respuesta a sus consultas, para proporcionarle los productos y servicios que solicita y para administrar su cuenta. Nos comunicaremos con usted por chat en vivo o tel\u00e9fono, de acuerdo con sus deseos.<\/p>\n\n\n\n<h2 class=\"wp-block-heading\"><\/h2>\n\n\n\n<p><strong>Intercambio y divulgaci\u00f3n de informaci\u00f3n<\/strong><\/p>\n\n\n\n<p>IskMarket no vende ni alquila ninguna de la informaci\u00f3n recopilada a terceros para ning\u00fan prop\u00f3sito, pero comparte informaci\u00f3n con terceros como se describe a continuaci\u00f3n.<\/p>\n\n\n\n<h2 class=\"wp-block-heading\"><\/h2>\n\n\n\n<p><strong>Cumplimiento con las autoridades legales<\/strong><\/p>\n\n\n\n<p>Seg\u00fan lo exija la ley, y para hacer cumplir los derechos legales de los clientes o de IskMarket, y para cumplir con las leyes locales, estatales, federales e internacionales, IskMarket puede divulgar informaci\u00f3n a las agencias encargadas de hacer cumplir la ley.<\/p>\n\n\n\n<h2 class=\"wp-block-heading\"><\/h2>\n\n\n\n<p><strong>Elecci\u00f3n y exclusi\u00f3n<\/strong><\/p>\n\n\n\n<p>Si ya no desea recibir las comunicaciones promocionales de IskMarket, puede &#8220;optar por no recibirlas&#8221; siguiendo las instrucciones incluidas en cada comunicaci\u00f3n a trav\u00e9s del chat en vivo.<\/p>\n\n\n\n<h2 class=\"wp-block-heading\"><\/h2>\n\n\n\n<p><strong>Enlaces a otros sitios web<\/strong><\/p>\n\n\n\n<p>Existen varios lugares en los sitios web de IskMarket que pueden redirigirlo a otros sitios web que no operan bajo esta Pol\u00edtica de Privacidad. Cuando accede a estos sitios web, esta Pol\u00edtica de Privacidad ya no se aplica. IskMarket le recomienda que examine las declaraciones de privacidad de todos los sitios web de terceros para comprender sus procedimientos de recopilaci\u00f3n, uso y divulgaci\u00f3n de su Informaci\u00f3n Personal.<\/p>\n\n\n\n<h2 class=\"wp-block-heading\"><\/h2>\n\n\n\n<p><strong>Almacenamiento y seguridad del almacenamiento de Informaci\u00f3n Personal<\/strong><\/p>\n\n\n\n<p>IskMarket almacena la informaci\u00f3n que recopila en computadoras ubicadas en una instalaci\u00f3n controlada y segura, protegida contra el acceso, uso o divulgaci\u00f3n f\u00edsica o electr\u00f3nica no autorizada.<\/p>\n\n\n\n<h2 class=\"wp-block-heading\"><\/h2>\n\n\n\n<p><strong>Seguridad<\/strong><\/p>\n\n\n\n<p>IskMarket protege la privacidad e integridad de la informaci\u00f3n que recopila empleando protocolos administrativos apropiados, salvaguardas t\u00e9cnicas y controles de seguridad f\u00edsica dise\u00f1ados para limitar el acceso, detectar y prevenir el acceso no autorizado, la divulgaci\u00f3n indebida, la alteraci\u00f3n o la destrucci\u00f3n de la informaci\u00f3n bajo su control. IskMarket transmite la informaci\u00f3n utilizada por sus proveedores de servicios externos para las operaciones espec\u00edficas subcontratadas enumeradas anteriormente a trav\u00e9s de redes p\u00fablicas y privadas mediante tecnolog\u00edas de cifrado reconocidas, como el uso del software Secure Sockets Layer (SSL), que cifra la informaci\u00f3n que usted ingresa.<br><br>Aunque IskMarket sigue los procedimientos establecidos anteriormente para proteger la Informaci\u00f3n Personal enviada a IskMarket, ning\u00fan m\u00e9todo de transmisi\u00f3n por Internet, ni m\u00e9todo de almacenamiento electr\u00f3nico, es 100% seguro. Por lo tanto, aunque IskMarket se esfuerza por utilizar medios comercialmente aceptables para proteger su Informaci\u00f3n Personal, IskMarket no puede garantizar su seguridad absoluta.<\/p>\n\n\n\n<p>Si tiene alguna pregunta sobre la seguridad de IskMarket en sus sitios web, no dude en escribirnos a trav\u00e9s del chat en vivo.<br><br><strong>Fraude en Internet<\/strong><\/p>\n\n\n\n<p>IskMarket tiene una pol\u00edtica de TOLERANCIA CERO para el fraude en Internet o cualquier intento de acceder o adquirir informaci\u00f3n de clientes u otra informaci\u00f3n en sus sitios web por medios ilegales o clandestinos. IskMarket trabaja con agencias de investigaci\u00f3n de fraudes locales, nacionales e internacionales y emplea una variedad de medios electr\u00f3nicos y de otro tipo para desalentar, detectar e interceptar actividades fraudulentas. IskMarket persigue agresivamente, en la mayor medida de la ley, a aquellos perpetradores sorprendidos realizando actividades fraudulentas en su sitio web.<br>&nbsp;<\/p>\n\n\n\n<p><strong>Transferencia internacional<\/strong><\/p>\n\n\n\n<p>La Informaci\u00f3n Personal recopilada por IskMarket puede almacenarse y procesarse en Alemania o en cualquier otro pa\u00eds en el que IskMarket mantenga instalaciones, y al utilizar los sitios web de IskMarket, usted consiente cualquier transferencia de Informaci\u00f3n Personal fuera de su pa\u00eds.<\/p>\n\n\n\n<h2 class=\"wp-block-heading\"><\/h2>\n\n\n\n<p><strong>Menores<\/strong><\/p>\n\n\n\n<p>Los sitios de IskMarket no est\u00e1n destinados ni dirigidos a personas menores de 18 a\u00f1os. IskMarket no compra ni vende productos o servicios a menores ni de menores. Si tiene conocimiento de que su hijo nos ha proporcionado informaci\u00f3n personal sin su consentimiento, comun\u00edquese con nosotros a trav\u00e9s del chat en vivo. No recopilamos deliberadamente informaci\u00f3n personal de personas menores de 18 a\u00f1os. Si nos enteramos de que una persona menor de 18 a\u00f1os nos ha proporcionado informaci\u00f3n personal, tomamos medidas para eliminar dicha informaci\u00f3n y cancelar la cuenta de la persona.<\/p>\n\n\n\n<h2 class=\"wp-block-heading\"><\/h2>\n\n\n\n<p><strong>Cambios en esta pol\u00edtica<\/strong><\/p>\n\n\n\n<p>Podemos revisar esta Pol\u00edtica de Privacidad de vez en cuando. La versi\u00f3n m\u00e1s actual de la pol\u00edtica regir\u00e1 nuestro uso de su informaci\u00f3n y siempre estar\u00e1 disponible a trav\u00e9s del chat en vivo. Por favor, consulte esta p\u00e1gina peri\u00f3dicamente para estar al tanto de cualquier cambio en la Pol\u00edtica de Privacidad. Al continuar accediendo o utilizando los Servicios despu\u00e9s de que dichos cambios entren en vigencia, usted acepta estar sujeto a la Pol\u00edtica de Privacidad revisada.<\/p>\n\n\n\n<p><\/p>\n\n\n\n<p><strong>Informaci\u00f3n de contacto<\/strong><\/p>\n\n\n\n<p>Puede contactar a IskMarket a trav\u00e9s del chat en vivo.<\/p>\n","protected":false},"excerpt":{"rendered":"<p>POL\u00cdTICA DE PRIVACIDAD IskMarket (en adelante, &#8220;IskMarket&#8221;) respeta sus derechos de privacidad y reconoce la importancia de proteger la Informaci\u00f3n Personal (como se define a continuaci\u00f3n) [&hellip;]<\/p>\n","protected":false},"author":1,"featured_media":0,"parent":0,"menu_order":0,"comment_status":"closed","ping_status":"closed","template":"page-templates\/page-content.php","meta":{"inline_featured_image":false,"footnotes":""},"class_list":["post-1680","page","type-page","status-publish","hentry"],"acf":[],"yoast_head":"<!-- This site is optimized with the Yoast SEO plugin v27.0 - https:\/\/yoast.com\/product\/yoast-seo-wordpress\/ -->\n<title>PRIVACY POLICY - IskMarket<\/title>\n<meta name=\"robots\" content=\"index, follow, max-snippet:-1, max-image-preview:large, max-video-preview:-1\" \/>\n<link rel=\"canonical\" href=\"https:\/\/iskmarket.com\/es\/privacy-policy-es\/\" \/>\n<meta property=\"og:locale\" content=\"es_ES\" \/>\n<meta property=\"og:type\" content=\"article\" \/>\n<meta property=\"og:title\" content=\"PRIVACY POLICY - IskMarket\" \/>\n<meta property=\"og:description\" content=\"POL\u00cdTICA DE PRIVACIDAD IskMarket (en adelante, &#8220;IskMarket&#8221;) respeta sus derechos de privacidad y reconoce la importancia de proteger la Informaci\u00f3n Personal (como se define a continuaci\u00f3n) [&hellip;]\" \/>\n<meta property=\"og:url\" content=\"https:\/\/iskmarket.com\/es\/privacy-policy-es\/\" \/>\n<meta property=\"og:site_name\" content=\"IskMarket\" \/>\n<meta property=\"article:modified_time\" content=\"2022-04-05T12:17:40+00:00\" \/>\n<meta name=\"twitter:card\" content=\"summary_large_image\" \/>\n<meta name=\"twitter:label1\" content=\"Tiempo de lectura\" \/>\n\t<meta name=\"twitter:data1\" content=\"9 minutos\" \/>\n<script type=\"application\/ld+json\" class=\"yoast-schema-graph\">{\"@context\":\"https:\/\/schema.org\",\"@graph\":[{\"@type\":\"WebPage\",\"@id\":\"https:\/\/iskmarket.com\/es\/privacy-policy-es\/\",\"url\":\"https:\/\/iskmarket.com\/es\/privacy-policy-es\/\",\"name\":\"PRIVACY POLICY - IskMarket\",\"isPartOf\":{\"@id\":\"https:\/\/iskmarket.com\/#website\"},\"datePublished\":\"2022-04-04T12:30:26+00:00\",\"dateModified\":\"2022-04-05T12:17:40+00:00\",\"breadcrumb\":{\"@id\":\"https:\/\/iskmarket.com\/es\/privacy-policy-es\/#breadcrumb\"},\"inLanguage\":\"es\",\"potentialAction\":[{\"@type\":\"ReadAction\",\"target\":[\"https:\/\/iskmarket.com\/es\/privacy-policy-es\/\"]}]},{\"@type\":\"BreadcrumbList\",\"@id\":\"https:\/\/iskmarket.com\/es\/privacy-policy-es\/#breadcrumb\",\"itemListElement\":[{\"@type\":\"ListItem\",\"position\":1,\"name\":\"Isk Market\",\"item\":\"https:\/\/iskmarket.com\/es\/\"},{\"@type\":\"ListItem\",\"position\":2,\"name\":\"PRIVACY POLICY\"}]},{\"@type\":\"WebSite\",\"@id\":\"https:\/\/iskmarket.com\/#website\",\"url\":\"https:\/\/iskmarket.com\/\",\"name\":\"IskMarket\",\"description\":\"Eve ISK, ships, characters, P.L.E.X and more\",\"publisher\":{\"@id\":\"https:\/\/iskmarket.com\/#organization\"},\"potentialAction\":[{\"@type\":\"SearchAction\",\"target\":{\"@type\":\"EntryPoint\",\"urlTemplate\":\"https:\/\/iskmarket.com\/?s={search_term_string}\"},\"query-input\":{\"@type\":\"PropertyValueSpecification\",\"valueRequired\":true,\"valueName\":\"search_term_string\"}}],\"inLanguage\":\"es\"},{\"@type\":\"Organization\",\"@id\":\"https:\/\/iskmarket.com\/#organization\",\"name\":\"IskMarket\",\"url\":\"https:\/\/iskmarket.com\/\",\"logo\":{\"@type\":\"ImageObject\",\"inLanguage\":\"es\",\"@id\":\"https:\/\/iskmarket.com\/#\/schema\/logo\/image\/\",\"url\":\"https:\/\/iskmarket.com\/wp-content\/uploads\/2021\/12\/logo.png\",\"contentUrl\":\"https:\/\/iskmarket.com\/wp-content\/uploads\/2021\/12\/logo.png\",\"width\":180,\"height\":49,\"caption\":\"IskMarket\"},\"image\":{\"@id\":\"https:\/\/iskmarket.com\/#\/schema\/logo\/image\/\"}}]}<\/script>\n<!-- \/ Yoast SEO plugin. -->","yoast_head_json":{"title":"PRIVACY POLICY - IskMarket","robots":{"index":"index","follow":"follow","max-snippet":"max-snippet:-1","max-image-preview":"max-image-preview:large","max-video-preview":"max-video-preview:-1"},"canonical":"https:\/\/iskmarket.com\/es\/privacy-policy-es\/","og_locale":"es_ES","og_type":"article","og_title":"PRIVACY POLICY - IskMarket","og_description":"POL\u00cdTICA DE PRIVACIDAD IskMarket (en adelante, &#8220;IskMarket&#8221;) respeta sus derechos de privacidad y reconoce la importancia de proteger la Informaci\u00f3n Personal (como se define a continuaci\u00f3n) [&hellip;]","og_url":"https:\/\/iskmarket.com\/es\/privacy-policy-es\/","og_site_name":"IskMarket","article_modified_time":"2022-04-05T12:17:40+00:00","twitter_card":"summary_large_image","twitter_misc":{"Tiempo de lectura":"9 minutos"},"schema":{"@context":"https:\/\/schema.org","@graph":[{"@type":"WebPage","@id":"https:\/\/iskmarket.com\/es\/privacy-policy-es\/","url":"https:\/\/iskmarket.com\/es\/privacy-policy-es\/","name":"PRIVACY POLICY - IskMarket","isPartOf":{"@id":"https:\/\/iskmarket.com\/#website"},"datePublished":"2022-04-04T12:30:26+00:00","dateModified":"2022-04-05T12:17:40+00:00","breadcrumb":{"@id":"https:\/\/iskmarket.com\/es\/privacy-policy-es\/#breadcrumb"},"inLanguage":"es","potentialAction":[{"@type":"ReadAction","target":["https:\/\/iskmarket.com\/es\/privacy-policy-es\/"]}]},{"@type":"BreadcrumbList","@id":"https:\/\/iskmarket.com\/es\/privacy-policy-es\/#breadcrumb","itemListElement":[{"@type":"ListItem","position":1,"name":"Isk Market","item":"https:\/\/iskmarket.com\/es\/"},{"@type":"ListItem","position":2,"name":"PRIVACY POLICY"}]},{"@type":"WebSite","@id":"https:\/\/iskmarket.com\/#website","url":"https:\/\/iskmarket.com\/","name":"IskMarket","description":"Eve ISK, ships, characters, P.L.E.X and more","publisher":{"@id":"https:\/\/iskmarket.com\/#organization"},"potentialAction":[{"@type":"SearchAction","target":{"@type":"EntryPoint","urlTemplate":"https:\/\/iskmarket.com\/?s={search_term_string}"},"query-input":{"@type":"PropertyValueSpecification","valueRequired":true,"valueName":"search_term_string"}}],"inLanguage":"es"},{"@type":"Organization","@id":"https:\/\/iskmarket.com\/#organization","name":"IskMarket","url":"https:\/\/iskmarket.com\/","logo":{"@type":"ImageObject","inLanguage":"es","@id":"https:\/\/iskmarket.com\/#\/schema\/logo\/image\/","url":"https:\/\/iskmarket.com\/wp-content\/uploads\/2021\/12\/logo.png","contentUrl":"https:\/\/iskmarket.com\/wp-content\/uploads\/2021\/12\/logo.png","width":180,"height":49,"caption":"IskMarket"},"image":{"@id":"https:\/\/iskmarket.com\/#\/schema\/logo\/image\/"}}]}},"_links":{"self":[{"href":"https:\/\/iskmarket.com\/es\/wp-json\/wp\/v2\/pages\/1680","targetHints":{"allow":["GET"]}}],"collection":[{"href":"https:\/\/iskmarket.com\/es\/wp-json\/wp\/v2\/pages"}],"about":[{"href":"https:\/\/iskmarket.com\/es\/wp-json\/wp\/v2\/types\/page"}],"author":[{"embeddable":true,"href":"https:\/\/iskmarket.com\/es\/wp-json\/wp\/v2\/users\/1"}],"replies":[{"embeddable":true,"href":"https:\/\/iskmarket.com\/es\/wp-json\/wp\/v2\/comments?post=1680"}],"version-history":[{"count":6,"href":"https:\/\/iskmarket.com\/es\/wp-json\/wp\/v2\/pages\/1680\/revisions"}],"predecessor-version":[{"id":2795,"href":"https:\/\/iskmarket.com\/es\/wp-json\/wp\/v2\/pages\/1680\/revisions\/2795"}],"wp:attachment":[{"href":"https:\/\/iskmarket.com\/es\/wp-json\/wp\/v2\/media?parent=1680"}],"curies":[{"name":"wp","href":"https:\/\/api.w.org\/{rel}","templated":true}]}}