{"id":3609,"date":"2021-12-05T19:45:30","date_gmt":"2021-12-05T16:45:30","guid":{"rendered":"https:\/\/iskmarket.com\/testimonials\/"},"modified":"2022-08-27T18:16:01","modified_gmt":"2022-08-27T15:16:01","slug":"testimonials","status":"publish","type":"page","link":"https:\/\/iskmarket.com\/de\/testimonials\/","title":{"rendered":"Testimonials"},"content":{"rendered":"<section class=\"part-testimonials testimonials\">\r\n    <div class=\"container\">\r\n                    <h1>Testimonials<\/h1>\r\n                <div class=\"row\">\r\n                            <div class=\"col-lg-6\">\r\n                    <div class=\"testimonials-item\">\r\n                        <div class=\"testimonials-item__meta\">2026-03-30 <span class=\"testimonials-author\">Oscar<\/span>\r\n                        <\/div>\r\n                        <div class=\"testimonials-item__content\">\n<p>Started a timer as a joke. Stopped it at 4 minutes and 22 seconds.<\/p>\n<\/div>\r\n                    <\/div>\r\n                <\/div>\r\n                            <div class=\"col-lg-6\">\r\n                    <div class=\"testimonials-item\">\r\n                        <div class=\"testimonials-item__meta\">2026-03-27 <span class=\"testimonials-author\">Oscar<\/span>\r\n                        <\/div>\r\n                        <div class=\"testimonials-item__content\">\n<p>Started a timer as a joke. Stopped it at 4 minutes and 22 seconds.<\/p>\n<\/div>\r\n                    <\/div>\r\n                <\/div>\r\n                            <div class=\"col-lg-6\">\r\n                    <div class=\"testimonials-item\">\r\n                        <div class=\"testimonials-item__meta\">2026-03-23 <span class=\"testimonials-author\">Carla<\/span>\r\n                        <\/div>\r\n                        <div class=\"testimonials-item__content\">\n<p>Ten\u00eda miedo de perder mi dinero. Al final, lo \u00fanico que perd\u00ed fue el miedo.<\/p>\n<\/div>\r\n                    <\/div>\r\n                <\/div>\r\n                            <div class=\"col-lg-6\">\r\n                    <div class=\"testimonials-item\">\r\n                        <div class=\"testimonials-item__meta\">2026-03-18 <span class=\"testimonials-author\">Ryan_92<\/span>\r\n                        <\/div>\r\n                        <div class=\"testimonials-item__content\">\n<p>Placed my order during lunch break. By the time I finished my coffee, it was done.<\/p>\n<\/div>\r\n                    <\/div>\r\n                <\/div>\r\n                            <div class=\"col-lg-6\">\r\n                    <div class=\"testimonials-item\">\r\n                        <div class=\"testimonials-item__meta\">2026-03-15 <span class=\"testimonials-author\">Ingrid<\/span>\r\n                        <\/div>\r\n                        <div class=\"testimonials-item__content\">\n<p>Livraison parfaite!<\/p>\n<\/div>\r\n                    <\/div>\r\n                <\/div>\r\n                            <div class=\"col-lg-6\">\r\n                    <div class=\"testimonials-item\">\r\n                        <div class=\"testimonials-item__meta\">2026-03-12 <span class=\"testimonials-author\">Leo_UK<\/span>\r\n                        <\/div>\r\n                        <div class=\"testimonials-item__content\">\n<p>Put the kettle on. Order was done before the water boiled.<\/p>\n\n\n\n<p><\/p>\n<\/div>\r\n                    <\/div>\r\n                <\/div>\r\n                    <\/div>\r\n\t\t        <button class=\"btn-feedback call-modal-feedback\">Leave feedback<\/button>\r\n        \r\n        <div class=\"btn-wrap\">\r\n            <div class=\"btn-more js-load-testimonials\">Show more testimonials<\/div>\r\n        <\/div>\r\n    <\/div>\r\n    <script>\r\n        document.addEventListener( 'DOMContentLoaded', function () {\r\n            const $ = sel => document.querySelector( sel );\r\n            let paged = 1;\r\n\r\n            const maxPages = 16;\r\n            const limited = Boolean(0);\r\n\r\n            let btn = $( '.js-load-testimonials' );\r\n            btn.addEventListener( 'click', function ( e ) {\r\n                this.classList.add( 'state-loading' );\r\n\r\n                let formData = iskBuildFormData( {\r\n                    action: 'isk_get_more_testimonials',\r\n                    paged: ++paged\r\n                } );\r\n\r\n                fetch( '\/wp-admin\/admin-ajax.php', {\r\n                    method: 'POST',\r\n                    body: formData,\r\n                } ).then( response => response.json() ).then( data => {\r\n                    let isLimited = limited && paged > 2;\r\n                    if ( maxPages <= paged || isLimited ) {\r\n                        this.style.display = 'none';\r\n                    }\r\n\r\n                    let template = data.reduce( ( accumulator, post ) => {\r\n                        return accumulator +=\r\n                            `<div class=\"col-lg-6\">\r\n                            <div class=\"testimonials-item\">\r\n                                <div class=\"testimonials-item__meta\">${post.date} <span class=\"testimonials-author\">${post.title}<\/span><\/div>\r\n                                <div class=\"testimonials-item__content\">${post.content}<\/div>\r\n                            <\/div>\r\n                        <\/div>`\r\n                    }, '' );\r\n\r\n                    $( '.testimonials .row' ).innerHTML += template;\r\n\r\n                    this.classList.remove( 'state-loading' );\r\n                } );\r\n            } );\r\n        } );\r\n    <\/script>\r\n<\/section>\n\n<div class=\"modal modal-type1 modal-feedback\">\r\n    <form id=\"form-feedback\" class=\"modal-body\">\r\n        <svg class=\"btn-modal-close\" width=\"36\" height=\"36\" viewBox=\"0 0 36 36\" fill=\"none\" xmlns=\"http:\/\/www.w3.org\/2000\/svg\">\r\n            <path d=\"M19.41 18l7.29-7.29a1 1 0 00-1.41-1.41L18 16.59l-7.29-7.3A1 1 0 009.3 10.7l7.29 7.3-7.3 7.29a1.001 1.001 0 101.41 1.41l7.3-7.29 7.29 7.29a1 1 0 001.41-1.41L19.41 18z\" fill=\"#fff\" \/>\r\n        <\/svg>\r\n        <p class=\"modal-title\">Leave a comment<\/p>\r\n        <div class=\"input-wrap\">\r\n            <p class=\"input-label\">Name<\/p>\r\n            <input type=\"text\" id=\"feedbackInput\" name=\"cname\" maxlength=\"18\" required \/>\r\n        <\/div>\r\n        <div class=\"input-wrap\">\r\n            <p class=\"input-label\">Email<\/p>\r\n            <input type=\"email\" name=\"email\" id=\"feedbackEmail\" maxlength=\"30\" required \/>\r\n        <\/div>\r\n        <div class=\"input-wrap\">\r\n            <p class=\"input-label\">Kommentar<\/p>\r\n            <textarea name=\"comment\" required><\/textarea>\r\n        <\/div>\r\n        <div class=\"btn-wrap\">\r\n            <button class=\"btn-send\" type=\"submit\">Leave a comment<\/button>\r\n        <\/div>\r\n        <input id=\"token\" type=\"hidden\" name=\"token\">\r\n    <\/form>\r\n<\/div>\r\n\r\n<div class=\"modal modal-type2 modal-success\">\r\n    <div class=\"modal-body\">\r\n        <p class=\"modal-title\">Thank you very much for<br \/>\r\nyour comment!<\/p>\r\n        <button class=\"btn-ok\">Okay<\/button>\r\n    <\/div>\r\n<\/div>\r\n<script>\r\n    document.addEventListener('DOMContentLoaded', function(){\r\n        document.body.appendChild( document.querySelector('.modal-type1') );\r\n        document.body.appendChild( document.querySelector('.modal-type2') );\r\n\r\n        let form = document.querySelector('#form-feedback');\r\n\r\n        form.addEventListener('submit', function ( e ){\r\n            e.preventDefault();\r\n\r\n            if( ! this.checkValidity() ) return;\r\n\r\n            jQuery(\".modal-feedback\").fadeOut();\r\n            jQuery(\".modal-success\").fadeIn();\r\n\r\n            grecaptcha.ready(function() {\r\n                grecaptcha.execute('6LfqqgceAAAAAKMvT-8_zFdvJoe_c62w7uHB3kdb', {action: 'captcha'}).then(function(token) {\r\n                    document.getElementById('token').value = token;\r\n\r\n                    let formData = new FormData( form );\r\n                    formData.append('action', 'isk_feedback_form');\r\n\r\n                    let formProps = Object.fromEntries(formData);\r\n                    for( let key in formProps ){\r\n                        if( formProps[key].match(\/https?:\\\/\\\/\/) ){\r\n                            return;\r\n                        }\r\n                    }\r\n\r\n                    iskFetch( formData );\/*.then( data =>{\r\n                        console.log( data );\r\n                    } )*\/;\r\n                });\r\n            });\r\n\r\n        });\r\n    });\r\n<\/script>\r\n\n\n","protected":false},"excerpt":{"rendered":"","protected":false},"author":1,"featured_media":0,"parent":0,"menu_order":0,"comment_status":"closed","ping_status":"closed","template":"","meta":{"inline_featured_image":false,"footnotes":""},"class_list":["post-3609","page","type-page","status-publish","hentry"],"acf":[],"yoast_head":"<!-- This site is optimized with the Yoast SEO plugin v27.0 - https:\/\/yoast.com\/product\/yoast-seo-wordpress\/ -->\n<title>Testimonials - IskMarket.com<\/title>\n<meta name=\"description\" content=\"What you think about the quality of service and available products is very important for us.\" \/>\n<meta name=\"robots\" content=\"noindex, follow\" \/>\n<meta property=\"og:locale\" content=\"de_DE\" \/>\n<meta property=\"og:type\" content=\"article\" \/>\n<meta property=\"og:title\" content=\"Testimonials - IskMarket.com\" \/>\n<meta property=\"og:description\" content=\"What you think about the quality of service and available products is very important for us.\" \/>\n<meta property=\"og:url\" content=\"https:\/\/iskmarket.com\/de\/testimonials\/\" \/>\n<meta property=\"og:site_name\" content=\"IskMarket\" \/>\n<meta property=\"article:modified_time\" content=\"2022-08-27T15:16:01+00:00\" \/>\n<meta name=\"twitter:card\" content=\"summary_large_image\" \/>\n<script type=\"application\/ld+json\" class=\"yoast-schema-graph\">{\"@context\":\"https:\/\/schema.org\",\"@graph\":[{\"@type\":\"WebPage\",\"@id\":\"https:\/\/iskmarket.com\/de\/testimonials\/\",\"url\":\"https:\/\/iskmarket.com\/de\/testimonials\/\",\"name\":\"Testimonials - IskMarket.com\",\"isPartOf\":{\"@id\":\"https:\/\/iskmarket.com\/#website\"},\"datePublished\":\"2021-12-05T16:45:30+00:00\",\"dateModified\":\"2022-08-27T15:16:01+00:00\",\"description\":\"What you think about the quality of service and available products is very important for us.\",\"breadcrumb\":{\"@id\":\"https:\/\/iskmarket.com\/de\/testimonials\/#breadcrumb\"},\"inLanguage\":\"de\",\"potentialAction\":[{\"@type\":\"ReadAction\",\"target\":[\"https:\/\/iskmarket.com\/de\/testimonials\/\"]}]},{\"@type\":\"BreadcrumbList\",\"@id\":\"https:\/\/iskmarket.com\/de\/testimonials\/#breadcrumb\",\"itemListElement\":[{\"@type\":\"ListItem\",\"position\":1,\"name\":\"Isk Market\",\"item\":\"https:\/\/iskmarket.com\/de\/\"},{\"@type\":\"ListItem\",\"position\":2,\"name\":\"Testimonials\"}]},{\"@type\":\"WebSite\",\"@id\":\"https:\/\/iskmarket.com\/#website\",\"url\":\"https:\/\/iskmarket.com\/\",\"name\":\"IskMarket\",\"description\":\"Eve ISK, ships, characters, P.L.E.X and more\",\"publisher\":{\"@id\":\"https:\/\/iskmarket.com\/#organization\"},\"potentialAction\":[{\"@type\":\"SearchAction\",\"target\":{\"@type\":\"EntryPoint\",\"urlTemplate\":\"https:\/\/iskmarket.com\/?s={search_term_string}\"},\"query-input\":{\"@type\":\"PropertyValueSpecification\",\"valueRequired\":true,\"valueName\":\"search_term_string\"}}],\"inLanguage\":\"de\"},{\"@type\":\"Organization\",\"@id\":\"https:\/\/iskmarket.com\/#organization\",\"name\":\"IskMarket\",\"url\":\"https:\/\/iskmarket.com\/\",\"logo\":{\"@type\":\"ImageObject\",\"inLanguage\":\"de\",\"@id\":\"https:\/\/iskmarket.com\/#\/schema\/logo\/image\/\",\"url\":\"https:\/\/iskmarket.com\/wp-content\/uploads\/2021\/12\/logo.png\",\"contentUrl\":\"https:\/\/iskmarket.com\/wp-content\/uploads\/2021\/12\/logo.png\",\"width\":180,\"height\":49,\"caption\":\"IskMarket\"},\"image\":{\"@id\":\"https:\/\/iskmarket.com\/#\/schema\/logo\/image\/\"}}]}<\/script>\n<!-- \/ Yoast SEO plugin. -->","yoast_head_json":{"title":"Testimonials - IskMarket.com","description":"What you think about the quality of service and available products is very important for us.","robots":{"index":"noindex","follow":"follow"},"og_locale":"de_DE","og_type":"article","og_title":"Testimonials - IskMarket.com","og_description":"What you think about the quality of service and available products is very important for us.","og_url":"https:\/\/iskmarket.com\/de\/testimonials\/","og_site_name":"IskMarket","article_modified_time":"2022-08-27T15:16:01+00:00","twitter_card":"summary_large_image","schema":{"@context":"https:\/\/schema.org","@graph":[{"@type":"WebPage","@id":"https:\/\/iskmarket.com\/de\/testimonials\/","url":"https:\/\/iskmarket.com\/de\/testimonials\/","name":"Testimonials - IskMarket.com","isPartOf":{"@id":"https:\/\/iskmarket.com\/#website"},"datePublished":"2021-12-05T16:45:30+00:00","dateModified":"2022-08-27T15:16:01+00:00","description":"What you think about the quality of service and available products is very important for us.","breadcrumb":{"@id":"https:\/\/iskmarket.com\/de\/testimonials\/#breadcrumb"},"inLanguage":"de","potentialAction":[{"@type":"ReadAction","target":["https:\/\/iskmarket.com\/de\/testimonials\/"]}]},{"@type":"BreadcrumbList","@id":"https:\/\/iskmarket.com\/de\/testimonials\/#breadcrumb","itemListElement":[{"@type":"ListItem","position":1,"name":"Isk Market","item":"https:\/\/iskmarket.com\/de\/"},{"@type":"ListItem","position":2,"name":"Testimonials"}]},{"@type":"WebSite","@id":"https:\/\/iskmarket.com\/#website","url":"https:\/\/iskmarket.com\/","name":"IskMarket","description":"Eve ISK, ships, characters, P.L.E.X and more","publisher":{"@id":"https:\/\/iskmarket.com\/#organization"},"potentialAction":[{"@type":"SearchAction","target":{"@type":"EntryPoint","urlTemplate":"https:\/\/iskmarket.com\/?s={search_term_string}"},"query-input":{"@type":"PropertyValueSpecification","valueRequired":true,"valueName":"search_term_string"}}],"inLanguage":"de"},{"@type":"Organization","@id":"https:\/\/iskmarket.com\/#organization","name":"IskMarket","url":"https:\/\/iskmarket.com\/","logo":{"@type":"ImageObject","inLanguage":"de","@id":"https:\/\/iskmarket.com\/#\/schema\/logo\/image\/","url":"https:\/\/iskmarket.com\/wp-content\/uploads\/2021\/12\/logo.png","contentUrl":"https:\/\/iskmarket.com\/wp-content\/uploads\/2021\/12\/logo.png","width":180,"height":49,"caption":"IskMarket"},"image":{"@id":"https:\/\/iskmarket.com\/#\/schema\/logo\/image\/"}}]}},"_links":{"self":[{"href":"https:\/\/iskmarket.com\/de\/wp-json\/wp\/v2\/pages\/3609","targetHints":{"allow":["GET"]}}],"collection":[{"href":"https:\/\/iskmarket.com\/de\/wp-json\/wp\/v2\/pages"}],"about":[{"href":"https:\/\/iskmarket.com\/de\/wp-json\/wp\/v2\/types\/page"}],"author":[{"embeddable":true,"href":"https:\/\/iskmarket.com\/de\/wp-json\/wp\/v2\/users\/1"}],"replies":[{"embeddable":true,"href":"https:\/\/iskmarket.com\/de\/wp-json\/wp\/v2\/comments?post=3609"}],"version-history":[{"count":1,"href":"https:\/\/iskmarket.com\/de\/wp-json\/wp\/v2\/pages\/3609\/revisions"}],"predecessor-version":[{"id":3610,"href":"https:\/\/iskmarket.com\/de\/wp-json\/wp\/v2\/pages\/3609\/revisions\/3610"}],"wp:attachment":[{"href":"https:\/\/iskmarket.com\/de\/wp-json\/wp\/v2\/media?parent=3609"}],"curies":[{"name":"wp","href":"https:\/\/api.w.org\/{rel}","templated":true}]}}