{"id":3586,"date":"2021-12-14T09:28:43","date_gmt":"2021-12-14T06:28:43","guid":{"rendered":"https:\/\/iskmarket.com\/sell\/"},"modified":"2026-01-30T17:48:29","modified_gmt":"2026-01-30T14:48:29","slug":"sell","status":"publish","type":"page","link":"https:\/\/iskmarket.com\/de\/sell\/","title":{"rendered":"Sell"},"content":{"rendered":"<section class=\"block-sell\">\r\n\t<div class=\"container\">\r\n\t\t<h1>Do you have extra Eve ISK<br \/>\r\n<span>or other in game items<\/span><br \/>\r\nyou&#8217;d like to sell for real money?<\/h1>\r\n\t\t<button class=\"btn-sell\">\r\n\t\t\t<span>Derzeitiger Ankaufskurs: 3 $ pro 1 Milliarde<\/span>\r\n\t\t\t<svg width=\"523\" height=\"87\" viewBox=\"0 0 523 87\" fill=\"none\" xmlns=\"http:\/\/www.w3.org\/2000\/svg\"><path d=\"M0 0h523v67.88l-16.387 9.56L490.225 87H0V0z\" fill=\"#E9B43E\"\/><\/svg>\r\n\t\t<\/button>\r\n\t\t<p class=\"text\">Bitte kontaktieren Sie uns \u00fcber <span>LIVE CHAT<\/span> und wir werden Ihnen helfen<\/p>\r\n\t\t<button class=\"btn-chat\">Chatten Sie mit uns<\/button>\r\n\t<\/div>\r\n<\/section>\n\n<div class=\"modal modal-type1 modal-feedback\">\r\n    <form id=\"form-feedback\" class=\"modal-body\">\r\n        <svg class=\"btn-modal-close\" width=\"36\" height=\"36\" viewBox=\"0 0 36 36\" fill=\"none\" xmlns=\"http:\/\/www.w3.org\/2000\/svg\">\r\n            <path d=\"M19.41 18l7.29-7.29a1 1 0 00-1.41-1.41L18 16.59l-7.29-7.3A1 1 0 009.3 10.7l7.29 7.3-7.3 7.29a1.001 1.001 0 101.41 1.41l7.3-7.29 7.29 7.29a1 1 0 001.41-1.41L19.41 18z\" fill=\"#fff\" \/>\r\n        <\/svg>\r\n        <p class=\"modal-title\">Leave a comment<\/p>\r\n        <div class=\"input-wrap\">\r\n            <p class=\"input-label\">Name<\/p>\r\n            <input type=\"text\" id=\"feedbackInput\" name=\"cname\" maxlength=\"18\" required \/>\r\n        <\/div>\r\n        <div class=\"input-wrap\">\r\n            <p class=\"input-label\">Email<\/p>\r\n            <input type=\"email\" name=\"email\" id=\"feedbackEmail\" maxlength=\"30\" required \/>\r\n        <\/div>\r\n        <div class=\"input-wrap\">\r\n            <p class=\"input-label\">Kommentar<\/p>\r\n            <textarea name=\"comment\" required><\/textarea>\r\n        <\/div>\r\n        <div class=\"btn-wrap\">\r\n            <button class=\"btn-send\" type=\"submit\">Leave a comment<\/button>\r\n        <\/div>\r\n        <input id=\"token\" type=\"hidden\" name=\"token\">\r\n    <\/form>\r\n<\/div>\r\n\r\n<div class=\"modal modal-type2 modal-success\">\r\n    <div class=\"modal-body\">\r\n        <p class=\"modal-title\">Thank you very much for<br \/>\r\nyour comment!<\/p>\r\n        <button class=\"btn-ok\">Okay<\/button>\r\n    <\/div>\r\n<\/div>\r\n<script>\r\n    document.addEventListener('DOMContentLoaded', function(){\r\n        document.body.appendChild( document.querySelector('.modal-type1') );\r\n        document.body.appendChild( document.querySelector('.modal-type2') );\r\n\r\n        let form = document.querySelector('#form-feedback');\r\n\r\n        form.addEventListener('submit', function ( e ){\r\n            e.preventDefault();\r\n\r\n            if( ! this.checkValidity() ) return;\r\n\r\n            jQuery(\".modal-feedback\").fadeOut();\r\n            jQuery(\".modal-success\").fadeIn();\r\n\r\n            grecaptcha.ready(function() {\r\n                grecaptcha.execute('6LfqqgceAAAAAKMvT-8_zFdvJoe_c62w7uHB3kdb', {action: 'captcha'}).then(function(token) {\r\n                    document.getElementById('token').value = token;\r\n\r\n                    let formData = new FormData( form );\r\n                    formData.append('action', 'isk_feedback_form');\r\n\r\n                    let formProps = Object.fromEntries(formData);\r\n                    for( let key in formProps ){\r\n                        if( formProps[key].match(\/https?:\\\/\\\/\/) ){\r\n                            return;\r\n                        }\r\n                    }\r\n\r\n                    iskFetch( formData );\/*.then( data =>{\r\n                        console.log( data );\r\n                    } )*\/;\r\n                });\r\n            });\r\n\r\n        });\r\n    });\r\n<\/script>\r\n","protected":false},"excerpt":{"rendered":"","protected":false},"author":1,"featured_media":0,"parent":0,"menu_order":0,"comment_status":"closed","ping_status":"closed","template":"","meta":{"inline_featured_image":false,"footnotes":""},"class_list":["post-3586","page","type-page","status-publish","hentry"],"acf":[],"yoast_head":"<!-- This site is optimized with the Yoast SEO plugin v27.0 - https:\/\/yoast.com\/product\/yoast-seo-wordpress\/ -->\n<title>Verkaufe Eve ISK f\u00fcr USD - IskMarket.com<\/title>\n<meta name=\"description\" content=\"M\u00f6chten Sie Eve ISK f\u00fcr echtes Geld verkaufen? \u27a4 IskMarket.com l\u00e4dt Sie ein, als Anbieter beizutreten \u2611\ufe0f Pr\u00fcfen Sie den aktuellen Kaufkurs.\" \/>\n<meta name=\"robots\" content=\"index, follow, max-snippet:-1, max-image-preview:large, max-video-preview:-1\" \/>\n<link rel=\"canonical\" href=\"https:\/\/iskmarket.com\/de\/sell\/\" \/>\n<meta property=\"og:locale\" content=\"de_DE\" \/>\n<meta property=\"og:type\" content=\"article\" \/>\n<meta property=\"og:title\" content=\"Verkaufe Eve ISK f\u00fcr USD - IskMarket.com\" \/>\n<meta property=\"og:description\" content=\"M\u00f6chten Sie Eve ISK f\u00fcr echtes Geld verkaufen? \u27a4 IskMarket.com l\u00e4dt Sie ein, als Anbieter beizutreten \u2611\ufe0f Pr\u00fcfen Sie den aktuellen Kaufkurs.\" \/>\n<meta property=\"og:url\" content=\"https:\/\/iskmarket.com\/de\/sell\/\" \/>\n<meta property=\"og:site_name\" content=\"IskMarket\" \/>\n<meta property=\"article:modified_time\" content=\"2026-01-30T14:48:29+00:00\" \/>\n<meta name=\"twitter:card\" content=\"summary_large_image\" \/>\n<script type=\"application\/ld+json\" class=\"yoast-schema-graph\">{\"@context\":\"https:\/\/schema.org\",\"@graph\":[{\"@type\":\"WebPage\",\"@id\":\"https:\/\/iskmarket.com\/de\/sell\/\",\"url\":\"https:\/\/iskmarket.com\/de\/sell\/\",\"name\":\"Verkaufe Eve ISK f\u00fcr USD - IskMarket.com\",\"isPartOf\":{\"@id\":\"https:\/\/iskmarket.com\/#website\"},\"datePublished\":\"2021-12-14T06:28:43+00:00\",\"dateModified\":\"2026-01-30T14:48:29+00:00\",\"description\":\"M\u00f6chten Sie Eve ISK f\u00fcr echtes Geld verkaufen? \u27a4 IskMarket.com l\u00e4dt Sie ein, als Anbieter beizutreten \u2611\ufe0f Pr\u00fcfen Sie den aktuellen Kaufkurs.\",\"breadcrumb\":{\"@id\":\"https:\/\/iskmarket.com\/de\/sell\/#breadcrumb\"},\"inLanguage\":\"de\",\"potentialAction\":[{\"@type\":\"ReadAction\",\"target\":[\"https:\/\/iskmarket.com\/de\/sell\/\"]}]},{\"@type\":\"BreadcrumbList\",\"@id\":\"https:\/\/iskmarket.com\/de\/sell\/#breadcrumb\",\"itemListElement\":[{\"@type\":\"ListItem\",\"position\":1,\"name\":\"Isk Market\",\"item\":\"https:\/\/iskmarket.com\/de\/\"},{\"@type\":\"ListItem\",\"position\":2,\"name\":\"Sell\"}]},{\"@type\":\"WebSite\",\"@id\":\"https:\/\/iskmarket.com\/#website\",\"url\":\"https:\/\/iskmarket.com\/\",\"name\":\"IskMarket\",\"description\":\"Eve ISK, ships, characters, P.L.E.X and more\",\"publisher\":{\"@id\":\"https:\/\/iskmarket.com\/#organization\"},\"potentialAction\":[{\"@type\":\"SearchAction\",\"target\":{\"@type\":\"EntryPoint\",\"urlTemplate\":\"https:\/\/iskmarket.com\/?s={search_term_string}\"},\"query-input\":{\"@type\":\"PropertyValueSpecification\",\"valueRequired\":true,\"valueName\":\"search_term_string\"}}],\"inLanguage\":\"de\"},{\"@type\":\"Organization\",\"@id\":\"https:\/\/iskmarket.com\/#organization\",\"name\":\"IskMarket\",\"url\":\"https:\/\/iskmarket.com\/\",\"logo\":{\"@type\":\"ImageObject\",\"inLanguage\":\"de\",\"@id\":\"https:\/\/iskmarket.com\/#\/schema\/logo\/image\/\",\"url\":\"https:\/\/iskmarket.com\/wp-content\/uploads\/2021\/12\/logo.png\",\"contentUrl\":\"https:\/\/iskmarket.com\/wp-content\/uploads\/2021\/12\/logo.png\",\"width\":180,\"height\":49,\"caption\":\"IskMarket\"},\"image\":{\"@id\":\"https:\/\/iskmarket.com\/#\/schema\/logo\/image\/\"}}]}<\/script>\n<!-- \/ Yoast SEO plugin. -->","yoast_head_json":{"title":"Verkaufe Eve ISK f\u00fcr USD - IskMarket.com","description":"M\u00f6chten Sie Eve ISK f\u00fcr echtes Geld verkaufen? \u27a4 IskMarket.com l\u00e4dt Sie ein, als Anbieter beizutreten \u2611\ufe0f Pr\u00fcfen Sie den aktuellen Kaufkurs.","robots":{"index":"index","follow":"follow","max-snippet":"max-snippet:-1","max-image-preview":"max-image-preview:large","max-video-preview":"max-video-preview:-1"},"canonical":"https:\/\/iskmarket.com\/de\/sell\/","og_locale":"de_DE","og_type":"article","og_title":"Verkaufe Eve ISK f\u00fcr USD - IskMarket.com","og_description":"M\u00f6chten Sie Eve ISK f\u00fcr echtes Geld verkaufen? \u27a4 IskMarket.com l\u00e4dt Sie ein, als Anbieter beizutreten \u2611\ufe0f Pr\u00fcfen Sie den aktuellen Kaufkurs.","og_url":"https:\/\/iskmarket.com\/de\/sell\/","og_site_name":"IskMarket","article_modified_time":"2026-01-30T14:48:29+00:00","twitter_card":"summary_large_image","schema":{"@context":"https:\/\/schema.org","@graph":[{"@type":"WebPage","@id":"https:\/\/iskmarket.com\/de\/sell\/","url":"https:\/\/iskmarket.com\/de\/sell\/","name":"Verkaufe Eve ISK f\u00fcr USD - IskMarket.com","isPartOf":{"@id":"https:\/\/iskmarket.com\/#website"},"datePublished":"2021-12-14T06:28:43+00:00","dateModified":"2026-01-30T14:48:29+00:00","description":"M\u00f6chten Sie Eve ISK f\u00fcr echtes Geld verkaufen? \u27a4 IskMarket.com l\u00e4dt Sie ein, als Anbieter beizutreten \u2611\ufe0f Pr\u00fcfen Sie den aktuellen Kaufkurs.","breadcrumb":{"@id":"https:\/\/iskmarket.com\/de\/sell\/#breadcrumb"},"inLanguage":"de","potentialAction":[{"@type":"ReadAction","target":["https:\/\/iskmarket.com\/de\/sell\/"]}]},{"@type":"BreadcrumbList","@id":"https:\/\/iskmarket.com\/de\/sell\/#breadcrumb","itemListElement":[{"@type":"ListItem","position":1,"name":"Isk Market","item":"https:\/\/iskmarket.com\/de\/"},{"@type":"ListItem","position":2,"name":"Sell"}]},{"@type":"WebSite","@id":"https:\/\/iskmarket.com\/#website","url":"https:\/\/iskmarket.com\/","name":"IskMarket","description":"Eve ISK, ships, characters, P.L.E.X and more","publisher":{"@id":"https:\/\/iskmarket.com\/#organization"},"potentialAction":[{"@type":"SearchAction","target":{"@type":"EntryPoint","urlTemplate":"https:\/\/iskmarket.com\/?s={search_term_string}"},"query-input":{"@type":"PropertyValueSpecification","valueRequired":true,"valueName":"search_term_string"}}],"inLanguage":"de"},{"@type":"Organization","@id":"https:\/\/iskmarket.com\/#organization","name":"IskMarket","url":"https:\/\/iskmarket.com\/","logo":{"@type":"ImageObject","inLanguage":"de","@id":"https:\/\/iskmarket.com\/#\/schema\/logo\/image\/","url":"https:\/\/iskmarket.com\/wp-content\/uploads\/2021\/12\/logo.png","contentUrl":"https:\/\/iskmarket.com\/wp-content\/uploads\/2021\/12\/logo.png","width":180,"height":49,"caption":"IskMarket"},"image":{"@id":"https:\/\/iskmarket.com\/#\/schema\/logo\/image\/"}}]}},"_links":{"self":[{"href":"https:\/\/iskmarket.com\/de\/wp-json\/wp\/v2\/pages\/3586","targetHints":{"allow":["GET"]}}],"collection":[{"href":"https:\/\/iskmarket.com\/de\/wp-json\/wp\/v2\/pages"}],"about":[{"href":"https:\/\/iskmarket.com\/de\/wp-json\/wp\/v2\/types\/page"}],"author":[{"embeddable":true,"href":"https:\/\/iskmarket.com\/de\/wp-json\/wp\/v2\/users\/1"}],"replies":[{"embeddable":true,"href":"https:\/\/iskmarket.com\/de\/wp-json\/wp\/v2\/comments?post=3586"}],"version-history":[{"count":13,"href":"https:\/\/iskmarket.com\/de\/wp-json\/wp\/v2\/pages\/3586\/revisions"}],"predecessor-version":[{"id":12055,"href":"https:\/\/iskmarket.com\/de\/wp-json\/wp\/v2\/pages\/3586\/revisions\/12055"}],"wp:attachment":[{"href":"https:\/\/iskmarket.com\/de\/wp-json\/wp\/v2\/media?parent=3586"}],"curies":[{"name":"wp","href":"https:\/\/api.w.org\/{rel}","templated":true}]}}