{"id":3565,"date":"2022-02-28T18:49:15","date_gmt":"2022-02-28T15:49:15","guid":{"rendered":"https:\/\/iskmarket.com\/privacy-policy-2\/"},"modified":"2022-08-27T17:50:22","modified_gmt":"2022-08-27T14:50:22","slug":"privacy-policy","status":"publish","type":"page","link":"https:\/\/iskmarket.com\/de\/privacy-policy\/","title":{"rendered":"PRIVACY POLICY"},"content":{"rendered":"\n<p><strong>DATENSCHUTZRICHTLINIE<\/strong><\/p>\n\n\n\n<p>IskMarket (im Folgenden \u201eIskMarket&#8221;) respektiert Ihre Datenschutzrechte und erkennt die Bedeutung des Schutzes der personenbezogenen Daten (wie unten definiert) an, die Sie uns zur Verf\u00fcgung stellen. Diese Datenschutzrichtlinie beschreibt, wie IskMarket die personenbezogenen Daten sammelt, speichert und verwendet, die Sie uns \u00fcber die Websites von IskMarket und \u00fcber telefonische oder Live-Chat-Kommunikation, die Sie m\u00f6glicherweise mit uns f\u00fchren, zur Verf\u00fcgung stellen. Diese Datenschutzrichtlinie beschreibt auch die Ihnen zur Verf\u00fcgung stehenden Wahlm\u00f6glichkeiten hinsichtlich der Verwendung der personenbezogenen Daten, die Sie uns bereitstellen, durch IskMarket, sowie die Ma\u00dfnahmen, die Sie ergreifen k\u00f6nnen, um auf diese Informationen zuzugreifen und IskMarket aufzufordern, diese zu korrigieren oder zu l\u00f6schen.<br><br><\/p>\n\n\n\n<p><strong>R\u00fcckerstattungsrichtlinie<\/strong><\/p>\n\n\n\n<p>Sie m\u00fcssen verstehen, dass Ihr Spielkonto infolge des Kaufs von Spielw\u00e4hrung gesperrt werden kann. Sie haben keinen Anspruch auf eine R\u00fcckerstattung, wenn Ihr Konto gesperrt wurde, weil Sie Spielgeld auf unserer Website gekauft haben.<br>Sie haben Anspruch auf eine R\u00fcckerstattung, wenn der von uns erbrachte Service nicht genutzt wurde oder, wenn er teilweise genutzt wurde, haben Sie Anspruch auf eine R\u00fcckerstattung f\u00fcr die Ressourcen, die Sie nicht ausgegeben oder genutzt haben.<\/p>\n\n\n\n<p>Sie haben Anspruch auf eine R\u00fcckerstattung, wenn Sie nicht die Person sind, die die Artikel bestellt hat, sofern Sie dies nachweisen k\u00f6nnen. Beispiel: ein Polizeibericht, in dem Sie den Betrugsversuch anzeigen.<br><\/p>\n\n\n\n<h2 class=\"wp-block-heading\"><\/h2>\n\n\n\n<p><strong>Einwilligung<\/strong><\/p>\n\n\n\n<p>Durch die Nutzung der Websites von IskMarket best\u00e4tigen Sie, dass Sie diese Datenschutzrichtlinie gelesen haben, und Sie stimmen den hierin beschriebenen Praktiken hinsichtlich der Erhebung, Nutzung und Offenlegung der personenbezogenen Daten, die Sie uns bereitstellen, durch IskMarket zu. Dies ist die vollst\u00e4ndige und ausschlie\u00dfliche Datenschutzrichtlinie von IskMarket und sie ersetzt alle fr\u00fcheren Versionen. Wir behalten uns das Recht vor, diese Datenschutzrichtlinie gem\u00e4\u00df den hierin enthaltenen Bedingungen jederzeit zu \u00e4ndern, weshalb wir Sie ermutigen, diese Seite h\u00e4ufig zu besuchen, diese Datenschutzrichtlinie regelm\u00e4\u00dfig zu \u00fcberpr\u00fcfen und \u00fcber alle \u00c4nderungen informiert zu bleiben.<br>Wenn Sie nach der \u00dcberpr\u00fcfung noch Fragen zu einem Teil dieser Datenschutzrichtlinie haben, kontaktieren Sie IskMarket bitte \u00fcber die Kontaktinformationen am Ende dieser Datenschutzrichtlinie.<\/p>\n\n\n\n<p><br><strong>Erhebung und Verwendung von Informationen<\/strong><\/p>\n\n\n\n<p><strong>Personenbezogene Daten<\/strong><\/p>\n\n\n\n<p>\u201ePersonenbezogene Daten&#8221; bezeichnet Informationen, die Sie als bestimmte Person identifizieren k\u00f6nnen, wie z. B. Ihr Name, Ihre Adresse, Telefonnummer, E-Mail-Adresse oder andere Kontaktdaten, ob am Arbeitsplatz oder zu Hause.<\/p>\n\n\n\n<p>Auf allen Websites von IskMarket, die personenbezogene Daten erheben, beschreiben wir ausdr\u00fccklich, welche Informationen erforderlich sind, um Ihnen das gew\u00fcnschte Produkt, die Dienstleistung oder Funktion bereitzustellen.<\/p>\n\n\n\n<p>Wir erheben personenbezogene Daten, wenn Sie uns kontaktieren, wenn Sie sich bei uns registrieren, wenn Sie unsere Produkte und Dienstleistungen nutzen, wenn Sie eine Bestellung bei uns aufgeben, wenn Sie unsere Websites oder die Websites bestimmter Partner von IskMarket besuchen, und wenn Sie an Werbeaktionen und Gewinnspielen teilnehmen.<\/p>\n\n\n\n<p><\/p>\n\n\n\n<h2 class=\"wp-block-heading\"><\/h2>\n\n\n\n<p><strong>Registrierung<\/strong><\/p>\n\n\n\n<p>Wenn Sie sich bei uns auf dieser Website registrieren, f\u00fcllen Sie zun\u00e4chst das Online-Registrierungsformular aus, f\u00fcr das Sie einen Benutzernamen und ein Passwort erstellen m\u00fcssen. W\u00e4hrend der Registrierung m\u00fcssen Sie auch personenbezogene Daten angeben, die Name und E-Mail-Adresse umfassen k\u00f6nnen. Wir verwenden diese Informationen, damit wir Sie \u00fcber die Dienstleistungen und Produkte auf der Website, an denen Sie Interesse gezeigt oder die Sie angefordert haben, kontaktieren und die Abwicklung einer Bestellung erleichtern k\u00f6nnen.<\/p>\n\n\n\n<h2 class=\"wp-block-heading\"><\/h2>\n\n\n\n<p><strong>Werbeaktionen, Wettbewerbe und Gewinnspiele<\/strong><\/p>\n\n\n\n<p>Von Zeit zu Zeit kann IskMarket Ihnen die M\u00f6glichkeit bieten, an Werbeaktionen, Wettbewerben oder Gewinnspielen auf seiner Website teilzunehmen. Solche Werbeaktionen, Wettbewerbe und Gewinnspiele unterliegen auch den Regeln und Bestimmungen, die mit solchen Werbeaktionen, Wettbewerben und Gewinnspielen ver\u00f6ffentlicht werden. Wenn Sie teilnehmen, m\u00fcssen Sie sich bei IskMarket registrieren, was die Angabe bestimmter personenbezogener Daten erfordert. Die Teilnahme an diesen Werbeaktionen, Wettbewerben und Gewinnspielen ist v\u00f6llig freiwillig, und Sie haben daher die Wahl, ob Sie sich registrieren und Ihre personenbezogenen Daten bereitstellen m\u00f6chten oder nicht. Die angeforderten Informationen umfassen in der Regel Kontaktdaten wie Name, E-Mail-Adresse und Telefonnummer. Wir werden diese Informationen verwenden, um die Gewinner zu benachrichtigen und Preise zu vergeben.<\/p>\n\n\n\n<p>Dar\u00fcber hinaus k\u00f6nnen Sie sich w\u00e4hrend Ihres Registrierungsprozesses f\u00fcr den Erhalt zus\u00e4tzlicher damit verbundener Mitteilungen von uns entscheiden. Wenn Sie sich daf\u00fcr entscheiden, werden wir die bereitgestellten Informationen verwenden, um Ihnen die in dieser Datenschutzrichtlinie beschriebenen Mitteilungen zuzusenden.<\/p>\n\n\n\n<h2 class=\"wp-block-heading\"><\/h2>\n\n\n\n<p><strong>Andere erhobene Informationen<\/strong><\/p>\n\n\n\n<p>Einige Informationen k\u00f6nnen bei jedem Besuch der Websites von IskMarket automatisch erfasst werden, wie z. B. Cookies und Computerinformationen. Dar\u00fcber hinaus k\u00f6nnen Informationen von anderen unabh\u00e4ngigen Drittquellen erhoben werden. Wir erfassen auch Informationen dar\u00fcber, welche Seiten Sie innerhalb dieser Website besuchen.<\/p>\n\n\n\n<p><\/p>\n\n\n\n<h2 class=\"wp-block-heading\"><\/h2>\n\n\n\n<p><\/p>\n\n\n\n<p><strong>Cookies<\/strong><\/p>\n\n\n\n<p>IskMarket verwendet sowohl Sitzungs-ID-Cookies als auch dauerhafte Cookies als Teil seiner Interaktion mit Ihrem Browser. Ein Cookie ist eine Datei, die die Website von IskMarket \u00fcber einen Webbrowser auf die Festplatte Ihres Computers \u00fcbertr\u00e4gt, damit seine Systeme Ihren Browser f\u00fcr Aufzeichnungszwecke erkennen k\u00f6nnen. Ein Sitzungs-ID-Cookie verf\u00e4llt, wenn Sie Ihren Browser schlie\u00dfen, w\u00e4hrend ein dauerhaftes Cookie f\u00fcr einen l\u00e4ngeren Zeitraum auf Ihrer Festplatte verbleibt.<\/p>\n\n\n\n<p>Wir verwenden Sitzungs-ID-Cookies, um Ihnen die Navigation auf unseren Websites zu erleichtern. Wir verwenden dauerhafte Cookies, um zu identifizieren und zu verfolgen, welche Bereiche der Website Sie am h\u00e4ufigsten besuchen. Wir verwenden auch dauerhafte Cookies in Bereichen der Website, in denen Sie sich registrieren m\u00fcssen und in denen Sie die angezeigten Informationen anpassen k\u00f6nnen, damit Sie Ihre Einstellungen nicht mehr als einmal eingeben m\u00fcssen.<br><br>Durch die Konfiguration der Optionen in Ihrem Browser k\u00f6nnen Sie steuern, wie Cookies von Ihrem System verarbeitet werden. Wenn Sie jedoch die Verwendung von Cookies ablehnen, k\u00f6nnen Sie m\u00f6glicherweise bestimmte Funktionen auf dieser Website nicht nutzen.<br><br><strong>Protokolldateien<\/strong><\/p>\n\n\n\n<p>Wie bei den meisten Websites sammelt IskMarket bestimmte Informationen automatisch und speichert sie in Protokolldateien. Diese Informationen umfassen Internet-Protokoll-Adressen (IP), Browsertyp, Verweis-\/Ausgangsseiten, Betriebssystem, Datum\/Zeitstempel und Clickstream-Daten. IskMarket verwendet diese Informationen zur Analyse von Trends, zur Betrugserkennung, zur Verwaltung der IskMarket-Website, zur Verfolgung der Bewegungen der Benutzer auf der Website und zur Erhebung demografischer Informationen \u00fcber die Gesamtheit der IskMarket-Benutzerbasis.<\/p>\n\n\n\n<h2 class=\"wp-block-heading\"><\/h2>\n\n\n\n<p><strong>Informationen aus Drittquellen<\/strong><\/p>\n\n\n\n<p>IskMarket kann Informationen \u00fcber Sie von Drittquellen wie Zahlungssystemen erhalten und diese unseren Kontoinformationen hinzuf\u00fcgen. Wenn Sie beispielsweise eine Bestellung auf der Website von IskMarket \u00fcber PayPal aufgeben, erh\u00e4lt IskMarket Ihre Daten wie Name, Lieferadresse und E-Mail \u00fcber die PayPal-API und speichert sie in den Protokolldaten.<\/p>\n\n\n\n<p><\/p>\n\n\n\n<h2 class=\"wp-block-heading\"><\/h2>\n\n\n\n<p><strong>Verwendung von Informationen<\/strong><\/p>\n\n\n\n<p><strong>Verifizierung, Abrechnung und Bestellstatus<\/strong><br>IskMarket erhebt personenbezogene Daten, um die Richtigkeit Ihres Namens, Ihrer Rechnungs-E-Mail-Adresse und Ihrer Geolokalisierungsdaten zur Betrugserkennung zu \u00fcberpr\u00fcfen, um Ihnen die gekauften Produkte und Dienstleistungen in Rechnung zu stellen. IskMarket verwendet Ihre E-Mail-Adresse(n), um Sie bei Bedarf \u00fcber den Status Ihrer Bestellung zu kontaktieren und Ihnen eine Kaufbest\u00e4tigung und einen Bestellstatus zu senden.<\/p>\n\n\n\n<h2 class=\"wp-block-heading\"><\/h2>\n\n\n\n<p><strong>Sonderangebote und Aktualisierungen<\/strong><\/p>\n\n\n\n<p>IskMarket kann Ihnen unseren Newsletter und Informationen \u00fcber relevante Angebote, Werbeaktionen, Wettbewerbe und Gewinnspiele senden, die f\u00fcr Sie von Interesse sein k\u00f6nnten. Solche Mitteilungen werden nur gesendet, wenn Sie sich daf\u00fcr entschieden haben.<br><br><strong>Dienstbezogene Ank\u00fcndigungen<\/strong><\/p>\n\n\n\n<p>IskMarket kann, ist aber nicht verpflichtet, Ihnen in seltenen F\u00e4llen, in denen dies erforderlich ist, ausschlie\u00dflich dienstbezogene Ank\u00fcndigungen zu senden. Wenn unser Service beispielsweise vor\u00fcbergehend wegen Wartungsarbeiten unterbrochen wird, senden wir Ihnen m\u00f6glicherweise eine Nachricht \u00fcber den Live-Chat.<\/p>\n\n\n\n<p>Im Allgemeinen k\u00f6nnen Sie sich von diesen Mitteilungen nicht abmelden, da sie nicht werblicher Natur sind. Wenn Sie sie nicht erhalten m\u00f6chten, haben Sie m\u00f6glicherweise die M\u00f6glichkeit, Ihr Konto zu deaktivieren.<br><br><strong>Forschung<\/strong><\/p>\n\n\n\n<p>IskMarket verwendet die erhobenen Informationen f\u00fcr eigene interne Marketing- und demografische Studien zur Verbesserung des Kundenservice und der Produktangebote.<\/p>\n\n\n\n<h2 class=\"wp-block-heading\"><\/h2>\n\n\n\n<p><\/p>\n\n\n\n<p><strong>Kundenservice<\/strong><\/p>\n\n\n\n<p>Wir kommunizieren mit Ihnen als Antwort auf Ihre Anfragen, um Ihnen die von Ihnen angeforderten Produkte und Dienstleistungen bereitzustellen und um Ihr Konto zu verwalten. Wir kommunizieren mit Ihnen per Live-Chat oder Telefon, entsprechend Ihren W\u00fcnschen.<\/p>\n\n\n\n<h2 class=\"wp-block-heading\"><\/h2>\n\n\n\n<p><strong>Weitergabe und Offenlegung von Informationen<\/strong><\/p>\n\n\n\n<p>IskMarket verkauft oder vermietet keine der erhobenen Informationen an Dritte f\u00fcr irgendwelche Zwecke, teilt jedoch Informationen mit Dritten wie unten beschrieben.<\/p>\n\n\n\n<h2 class=\"wp-block-heading\"><\/h2>\n\n\n\n<p><strong>Einhaltung der gesetzlichen Bestimmungen<\/strong><\/p>\n\n\n\n<p>Wie gesetzlich vorgeschrieben und zur Durchsetzung der Rechte von Kunden oder IskMarket sowie zur Einhaltung lokaler, staatlicher, bundesstaatlicher und internationaler Gesetze kann IskMarket Informationen an Strafverfolgungsbeh\u00f6rden weitergeben.<\/p>\n\n\n\n<h2 class=\"wp-block-heading\"><\/h2>\n\n\n\n<p><strong>Wahl und Abmeldung<\/strong><\/p>\n\n\n\n<p>Wenn Sie die Werbemitteilungen von IskMarket nicht mehr erhalten m\u00f6chten, k\u00f6nnen Sie sich davon \u201eabmelden&#8221;, indem Sie den Anweisungen in jeder Mitteilung \u00fcber den Live-Chat folgen.<\/p>\n\n\n\n<h2 class=\"wp-block-heading\"><\/h2>\n\n\n\n<p><strong>Links zu anderen Websites<\/strong><\/p>\n\n\n\n<p>Es gibt mehrere Stellen auf den Websites von IskMarket, die Sie zu anderen Websites weiterleiten k\u00f6nnen, die nicht unter diese Datenschutzrichtlinie fallen. Wenn Sie zu diesen Websites gelangen, gilt diese Datenschutzrichtlinie nicht mehr. IskMarket empfiehlt Ihnen, die Datenschutzerkl\u00e4rungen aller Websites von Drittanbietern zu pr\u00fcfen, um deren Verfahren zur Erhebung, Verwendung und Offenlegung Ihrer personenbezogenen Daten zu verstehen.<\/p>\n\n\n\n<h2 class=\"wp-block-heading\"><\/h2>\n\n\n\n<p><strong>Speicherung und Sicherheit der Speicherung personenbezogener Daten<\/strong><\/p>\n\n\n\n<p>IskMarket speichert die erhobenen Informationen auf Computern in einer kontrollierten, sicheren Einrichtung, die vor unbefugtem physischem oder elektronischem Zugriff, Nutzung oder Offenlegung gesch\u00fctzt ist.<\/p>\n\n\n\n<h2 class=\"wp-block-heading\"><\/h2>\n\n\n\n<p><strong>Sicherheit<\/strong><\/p>\n\n\n\n<p>IskMarket sch\u00fctzt die Vertraulichkeit und Integrit\u00e4t der erhobenen Informationen durch den Einsatz geeigneter administrativer Protokolle, technischer Schutzma\u00dfnahmen und physischer Sicherheitskontrollen, die darauf ausgelegt sind, den Zugriff zu beschr\u00e4nken, unbefugten Zugriff, unsachgem\u00e4\u00dfe Offenlegung, \u00c4nderung oder Zerst\u00f6rung der unter seiner Kontrolle befindlichen Informationen zu erkennen und zu verhindern. IskMarket \u00fcbertr\u00e4gt die von seinen externen Dienstleistern f\u00fcr die oben aufgef\u00fchrten spezifischen ausgelagerten T\u00e4tigkeiten verwendeten Informationen \u00fcber \u00f6ffentliche und private Netzwerke mittels anerkannter Verschl\u00fcsselungstechnologien, wie z. B. durch die Verwendung der Secure Sockets Layer (SSL)-Software, die die von Ihnen eingegebenen Informationen verschl\u00fcsselt.<br><br>Obwohl IskMarket die oben genannten Verfahren zum Schutz der an IskMarket \u00fcbermittelten personenbezogenen Daten befolgt, ist keine Methode der \u00dcbertragung \u00fcber das Internet oder Methode der elektronischen Speicherung zu 100 % sicher. Obwohl IskMarket bestrebt ist, kommerziell akzeptable Mittel zum Schutz Ihrer personenbezogenen Daten einzusetzen, kann IskMarket deren absolute Sicherheit daher nicht garantieren.<\/p>\n\n\n\n<p>Wenn Sie Fragen zur Sicherheit von IskMarket auf seinen Websites haben, schreiben Sie uns gerne \u00fcber den Live-Chat.<br><br><strong>Internetbetrug<\/strong><\/p>\n\n\n\n<p>IskMarket verfolgt eine NULLTOLERANZ-Politik gegen\u00fcber Internetbetrug oder jedem Versuch, auf illegale oder heimliche Weise auf Kunden- oder andere Informationen auf seinen Websites zuzugreifen oder diese zu erlangen. IskMarket arbeitet mit lokalen, nationalen und internationalen Ermittlungsbeh\u00f6rden f\u00fcr Betrug zusammen und setzt eine Vielzahl von elektronischen und anderen Mitteln ein, um betr\u00fcgerische Aktivit\u00e4ten zu verhindern, zu erkennen und abzufangen. IskMarket verfolgt die T\u00e4ter, die bei der Durchf\u00fchrung betr\u00fcgerischer Aktivit\u00e4ten auf seiner Website ertappt werden, im vollen Umfang des Gesetzes.<br>&nbsp;<\/p>\n\n\n\n<p><strong>Internationale \u00dcbermittlung<\/strong><\/p>\n\n\n\n<p>Die von IskMarket erhobenen personenbezogenen Daten k\u00f6nnen in Deutschland oder in jedem anderen Land, in dem IskMarket Einrichtungen unterh\u00e4lt, gespeichert und verarbeitet werden, und durch die Nutzung der Websites von IskMarket stimmen Sie einer solchen \u00dcbermittlung personenbezogener Daten au\u00dferhalb Ihres Landes zu.<\/p>\n\n\n\n<h2 class=\"wp-block-heading\"><\/h2>\n\n\n\n<p><strong>Kinder<\/strong><\/p>\n\n\n\n<p>Die Websites von IskMarket sind nicht f\u00fcr Personen unter 18 Jahren bestimmt oder an diese gerichtet. IskMarket kauft oder verkauft keine Produkte oder Dienstleistungen von oder an Kinder. Wenn Sie erfahren, dass Ihr Kind uns ohne Ihre Zustimmung personenbezogene Daten bereitgestellt hat, kontaktieren Sie uns bitte \u00fcber den Live-Chat. Wir erheben wissentlich keine personenbezogenen Daten von Personen unter 18 Jahren. Wenn wir erfahren, dass eine Person unter 18 Jahren uns personenbezogene Daten bereitgestellt hat, ergreifen wir Ma\u00dfnahmen, um diese Informationen zu entfernen und das Konto der Person zu k\u00fcndigen.<\/p>\n\n\n\n<h2 class=\"wp-block-heading\"><\/h2>\n\n\n\n<p><strong>\u00c4nderungen dieser Richtlinie<\/strong><\/p>\n\n\n\n<p>Wir k\u00f6nnen diese Datenschutzrichtlinie von Zeit zu Zeit \u00fcberarbeiten. Die jeweils aktuelle Version der Richtlinie regelt unsere Verwendung Ihrer Informationen und ist jederzeit \u00fcber den Live-Chat verf\u00fcgbar. Bitte \u00fcberpr\u00fcfen Sie diese Seite regelm\u00e4\u00dfig, um \u00fcber \u00c4nderungen der Datenschutzrichtlinie informiert zu sein. Indem Sie nach dem Inkrafttreten dieser \u00c4nderungen weiterhin auf die Dienste zugreifen oder diese nutzen, erkl\u00e4ren Sie sich mit der \u00fcberarbeiteten Datenschutzrichtlinie einverstanden.<\/p>\n\n\n\n<p><\/p>\n\n\n\n<p><strong>Kontaktinformationen<\/strong><\/p>\n\n\n\n<p>Sie k\u00f6nnen IskMarket \u00fcber den Live-Chat kontaktieren.<\/p>\n","protected":false},"excerpt":{"rendered":"<p>DATENSCHUTZRICHTLINIE IskMarket (im Folgenden \u201eIskMarket&#8221;) respektiert Ihre Datenschutzrechte und erkennt die Bedeutung des Schutzes der personenbezogenen Daten (wie unten definiert) an, die Sie uns zur Verf\u00fcgung [&hellip;]<\/p>\n","protected":false},"author":1,"featured_media":0,"parent":0,"menu_order":0,"comment_status":"closed","ping_status":"closed","template":"page-templates\/page-content.php","meta":{"inline_featured_image":false,"footnotes":""},"class_list":["post-3565","page","type-page","status-publish","hentry"],"acf":[],"yoast_head":"<!-- This site is optimized with the Yoast SEO plugin v27.0 - https:\/\/yoast.com\/product\/yoast-seo-wordpress\/ -->\n<title>PRIVACY POLICY - IskMarket<\/title>\n<meta name=\"robots\" content=\"index, follow, max-snippet:-1, max-image-preview:large, max-video-preview:-1\" \/>\n<link rel=\"canonical\" href=\"https:\/\/iskmarket.com\/de\/privacy-policy\/\" \/>\n<meta property=\"og:locale\" content=\"de_DE\" \/>\n<meta property=\"og:type\" content=\"article\" \/>\n<meta property=\"og:title\" content=\"PRIVACY POLICY - IskMarket\" \/>\n<meta property=\"og:description\" content=\"DATENSCHUTZRICHTLINIE IskMarket (im Folgenden \u201eIskMarket&#8221;) respektiert Ihre Datenschutzrechte und erkennt die Bedeutung des Schutzes der personenbezogenen Daten (wie unten definiert) an, die Sie uns zur Verf\u00fcgung [&hellip;]\" \/>\n<meta property=\"og:url\" content=\"https:\/\/iskmarket.com\/de\/privacy-policy\/\" \/>\n<meta property=\"og:site_name\" content=\"IskMarket\" \/>\n<meta property=\"article:modified_time\" content=\"2022-08-27T14:50:22+00:00\" \/>\n<meta name=\"twitter:card\" content=\"summary_large_image\" \/>\n<meta name=\"twitter:label1\" content=\"Gesch\u00e4tzte Lesezeit\" \/>\n\t<meta name=\"twitter:data1\" content=\"9\u00a0Minuten\" \/>\n<script type=\"application\/ld+json\" class=\"yoast-schema-graph\">{\"@context\":\"https:\/\/schema.org\",\"@graph\":[{\"@type\":\"WebPage\",\"@id\":\"https:\/\/iskmarket.com\/de\/privacy-policy\/\",\"url\":\"https:\/\/iskmarket.com\/de\/privacy-policy\/\",\"name\":\"PRIVACY POLICY - IskMarket\",\"isPartOf\":{\"@id\":\"https:\/\/iskmarket.com\/#website\"},\"datePublished\":\"2022-02-28T15:49:15+00:00\",\"dateModified\":\"2022-08-27T14:50:22+00:00\",\"breadcrumb\":{\"@id\":\"https:\/\/iskmarket.com\/de\/privacy-policy\/#breadcrumb\"},\"inLanguage\":\"de\",\"potentialAction\":[{\"@type\":\"ReadAction\",\"target\":[\"https:\/\/iskmarket.com\/de\/privacy-policy\/\"]}]},{\"@type\":\"BreadcrumbList\",\"@id\":\"https:\/\/iskmarket.com\/de\/privacy-policy\/#breadcrumb\",\"itemListElement\":[{\"@type\":\"ListItem\",\"position\":1,\"name\":\"Isk Market\",\"item\":\"https:\/\/iskmarket.com\/de\/\"},{\"@type\":\"ListItem\",\"position\":2,\"name\":\"PRIVACY POLICY\"}]},{\"@type\":\"WebSite\",\"@id\":\"https:\/\/iskmarket.com\/#website\",\"url\":\"https:\/\/iskmarket.com\/\",\"name\":\"IskMarket\",\"description\":\"Eve ISK, ships, characters, P.L.E.X and more\",\"publisher\":{\"@id\":\"https:\/\/iskmarket.com\/#organization\"},\"potentialAction\":[{\"@type\":\"SearchAction\",\"target\":{\"@type\":\"EntryPoint\",\"urlTemplate\":\"https:\/\/iskmarket.com\/?s={search_term_string}\"},\"query-input\":{\"@type\":\"PropertyValueSpecification\",\"valueRequired\":true,\"valueName\":\"search_term_string\"}}],\"inLanguage\":\"de\"},{\"@type\":\"Organization\",\"@id\":\"https:\/\/iskmarket.com\/#organization\",\"name\":\"IskMarket\",\"url\":\"https:\/\/iskmarket.com\/\",\"logo\":{\"@type\":\"ImageObject\",\"inLanguage\":\"de\",\"@id\":\"https:\/\/iskmarket.com\/#\/schema\/logo\/image\/\",\"url\":\"https:\/\/iskmarket.com\/wp-content\/uploads\/2021\/12\/logo.png\",\"contentUrl\":\"https:\/\/iskmarket.com\/wp-content\/uploads\/2021\/12\/logo.png\",\"width\":180,\"height\":49,\"caption\":\"IskMarket\"},\"image\":{\"@id\":\"https:\/\/iskmarket.com\/#\/schema\/logo\/image\/\"}}]}<\/script>\n<!-- \/ Yoast SEO plugin. -->","yoast_head_json":{"title":"PRIVACY POLICY - IskMarket","robots":{"index":"index","follow":"follow","max-snippet":"max-snippet:-1","max-image-preview":"max-image-preview:large","max-video-preview":"max-video-preview:-1"},"canonical":"https:\/\/iskmarket.com\/de\/privacy-policy\/","og_locale":"de_DE","og_type":"article","og_title":"PRIVACY POLICY - IskMarket","og_description":"DATENSCHUTZRICHTLINIE IskMarket (im Folgenden \u201eIskMarket&#8221;) respektiert Ihre Datenschutzrechte und erkennt die Bedeutung des Schutzes der personenbezogenen Daten (wie unten definiert) an, die Sie uns zur Verf\u00fcgung [&hellip;]","og_url":"https:\/\/iskmarket.com\/de\/privacy-policy\/","og_site_name":"IskMarket","article_modified_time":"2022-08-27T14:50:22+00:00","twitter_card":"summary_large_image","twitter_misc":{"Gesch\u00e4tzte Lesezeit":"9\u00a0Minuten"},"schema":{"@context":"https:\/\/schema.org","@graph":[{"@type":"WebPage","@id":"https:\/\/iskmarket.com\/de\/privacy-policy\/","url":"https:\/\/iskmarket.com\/de\/privacy-policy\/","name":"PRIVACY POLICY - IskMarket","isPartOf":{"@id":"https:\/\/iskmarket.com\/#website"},"datePublished":"2022-02-28T15:49:15+00:00","dateModified":"2022-08-27T14:50:22+00:00","breadcrumb":{"@id":"https:\/\/iskmarket.com\/de\/privacy-policy\/#breadcrumb"},"inLanguage":"de","potentialAction":[{"@type":"ReadAction","target":["https:\/\/iskmarket.com\/de\/privacy-policy\/"]}]},{"@type":"BreadcrumbList","@id":"https:\/\/iskmarket.com\/de\/privacy-policy\/#breadcrumb","itemListElement":[{"@type":"ListItem","position":1,"name":"Isk Market","item":"https:\/\/iskmarket.com\/de\/"},{"@type":"ListItem","position":2,"name":"PRIVACY POLICY"}]},{"@type":"WebSite","@id":"https:\/\/iskmarket.com\/#website","url":"https:\/\/iskmarket.com\/","name":"IskMarket","description":"Eve ISK, ships, characters, P.L.E.X and more","publisher":{"@id":"https:\/\/iskmarket.com\/#organization"},"potentialAction":[{"@type":"SearchAction","target":{"@type":"EntryPoint","urlTemplate":"https:\/\/iskmarket.com\/?s={search_term_string}"},"query-input":{"@type":"PropertyValueSpecification","valueRequired":true,"valueName":"search_term_string"}}],"inLanguage":"de"},{"@type":"Organization","@id":"https:\/\/iskmarket.com\/#organization","name":"IskMarket","url":"https:\/\/iskmarket.com\/","logo":{"@type":"ImageObject","inLanguage":"de","@id":"https:\/\/iskmarket.com\/#\/schema\/logo\/image\/","url":"https:\/\/iskmarket.com\/wp-content\/uploads\/2021\/12\/logo.png","contentUrl":"https:\/\/iskmarket.com\/wp-content\/uploads\/2021\/12\/logo.png","width":180,"height":49,"caption":"IskMarket"},"image":{"@id":"https:\/\/iskmarket.com\/#\/schema\/logo\/image\/"}}]}},"_links":{"self":[{"href":"https:\/\/iskmarket.com\/de\/wp-json\/wp\/v2\/pages\/3565","targetHints":{"allow":["GET"]}}],"collection":[{"href":"https:\/\/iskmarket.com\/de\/wp-json\/wp\/v2\/pages"}],"about":[{"href":"https:\/\/iskmarket.com\/de\/wp-json\/wp\/v2\/types\/page"}],"author":[{"embeddable":true,"href":"https:\/\/iskmarket.com\/de\/wp-json\/wp\/v2\/users\/1"}],"replies":[{"embeddable":true,"href":"https:\/\/iskmarket.com\/de\/wp-json\/wp\/v2\/comments?post=3565"}],"version-history":[{"count":4,"href":"https:\/\/iskmarket.com\/de\/wp-json\/wp\/v2\/pages\/3565\/revisions"}],"predecessor-version":[{"id":3570,"href":"https:\/\/iskmarket.com\/de\/wp-json\/wp\/v2\/pages\/3565\/revisions\/3570"}],"wp:attachment":[{"href":"https:\/\/iskmarket.com\/de\/wp-json\/wp\/v2\/media?parent=3565"}],"curies":[{"name":"wp","href":"https:\/\/api.w.org\/{rel}","templated":true}]}}