{"id":3540,"date":"2021-12-07T07:17:29","date_gmt":"2021-12-07T04:17:29","guid":{"rendered":"https:\/\/iskmarket.com\/faq\/"},"modified":"2022-08-28T20:19:20","modified_gmt":"2022-08-28T17:19:20","slug":"faq","status":"publish","type":"page","link":"https:\/\/iskmarket.com\/de\/faq\/","title":{"rendered":"FAQ"},"content":{"rendered":"    <section class=\"part-faq faq\">\r\n\t\t        <div class=\"container\">\r\n\t\t\t                <h1>\r\n                    <span>Frequenly Asked Questions<\/span>\r\n                    <span>F. A. Q.<\/span>\r\n                <\/h1>\r\n\t\t\t            <div class=\"part-faq__wrapper\">\r\n\t\t\t\t                    <div class=\"faq-item wow fadeIn\" data-wow-duration=\"0.5s\" data-wow-delay=\"s\">\r\n                        <div class=\"row\">\r\n                            <div class=\"col-lg-4\">\r\n                                <p class=\"faq-title\">Wie alt muss ein Charakter mindestens sein, um ISK zu kaufen?<\/p>\r\n                            <\/div>\r\n                            <div class=\"col-lg-8\">\r\n                                <div class=\"faq-text\">\n<p>Das Mindestalter des Charakters muss 30 Tage betragen. Wir liefern kein ISK an Charaktere, die j\u00fcnger als 30 Tage sind. Wenn Sie einen Kauf get\u00e4tigt haben und Ihr Charakter j\u00fcnger als 30 Tage ist, wenden Sie sich bitte \u00fcber den Live-Chat an unseren Support und wir erstatten Ihnen den Betrag zur\u00fcck.<\/p>\n<\/div>\r\n                            <\/div>\r\n                        <\/div>\r\n                    <\/div>\r\n\t\t\t\t                    <div class=\"faq-item wow fadeIn\" data-wow-duration=\"0.5s\" data-wow-delay=\"s\">\r\n                        <div class=\"row\">\r\n                            <div class=\"col-lg-4\">\r\n                                <p class=\"faq-title\">Ich kann mein PayPal-Konto nicht verifizieren &ndash; was soll ich tun?<\/p>\r\n                            <\/div>\r\n                            <div class=\"col-lg-8\">\r\n                                <div class=\"faq-text\">\n<p>Kontaktiere unseren Live-Support, und wir werden eine R&uuml;ckerstattung ausstellen &ndash; du kannst dann eine andere Zahlungsoption verwenden.<\/p>\n<\/div>\r\n                            <\/div>\r\n                        <\/div>\r\n                    <\/div>\r\n\t\t\t\t                    <div class=\"faq-item wow fadeIn\" data-wow-duration=\"0.5s\" data-wow-delay=\"s\">\r\n                        <div class=\"row\">\r\n                            <div class=\"col-lg-4\">\r\n                                <p class=\"faq-title\">Warum werde ich gebeten, eine Best&auml;tigungsnachricht von der E-Mail-Adresse zu senden, die mit meinem PayPal-Konto verkn&uuml;pft ist?<\/p>\r\n                            <\/div>\r\n                            <div class=\"col-lg-8\">\r\n                                <div class=\"faq-text\">\n<p>Das ist nur eine Vorsichtsma&szlig;nahme &ndash; damit wird sichergestellt, dass du die Person bist, die berechtigt ist, Zahlungen mit diesem Konto zu t&auml;tigen, denn du hast nicht nur Zugang zum Konto im Zahlungssystem, sondern bist auch Eigent&uuml;mer der E-Mail-Adresse, die mit dem Konto im Zahlungssystem verkn&uuml;pft ist. Dies sch&uuml;tzt uns vor Betrugsversuchen und auch den Kontoinhaber.<\/p>\n<\/div>\r\n                            <\/div>\r\n                        <\/div>\r\n                    <\/div>\r\n\t\t\t\t                    <div class=\"faq-item wow fadeIn\" data-wow-duration=\"0.5s\" data-wow-delay=\"s\">\r\n                        <div class=\"row\">\r\n                            <div class=\"col-lg-4\">\r\n                                <p class=\"faq-title\">Was ist eure R&uuml;ckerstattungsrichtlinie? \/ Wie storniere ich meine Bestellung?<\/p>\r\n                            <\/div>\r\n                            <div class=\"col-lg-8\">\r\n                                <div class=\"faq-text\">\n<p>Du kannst jederzeit eine R&uuml;ckerstattung beantragen und deine Bestellung stornieren &ndash; kontaktiere einfach unseren Live-Support, gib deinen Bestellcode an und &auml;u&szlig;ere deinen Wunsch, dass deine Zahlung erstattet wird. Wenn du deine Bestellung nicht erhalten hast, erh&auml;ltst du innerhalb von 12 Stunden nach Kontaktaufnahme eine R&uuml;ckerstattung.<\/p>\n<\/div>\r\n                            <\/div>\r\n                        <\/div>\r\n                    <\/div>\r\n\t\t\t\t                    <div class=\"faq-item wow fadeIn\" data-wow-duration=\"0.5s\" data-wow-delay=\"s\">\r\n                        <div class=\"row\">\r\n                            <div class=\"col-lg-4\">\r\n                                <p class=\"faq-title\">Muss ich mich zuerst auf eurer Website registrieren, um Bestellungen aufzugeben?<\/p>\r\n                            <\/div>\r\n                            <div class=\"col-lg-8\">\r\n                                <div class=\"faq-text\">\n<p>Nein, musst du nicht. Du kannst deine Bestellungen ohne Registrierung auf unserer Website aufgeben. Wenn du dich jedoch registrierst, profitierst du von einem kumulativen Rabatt &ndash; alle deine Eink&auml;ufe werden zusammengez&auml;hlt und dein Rabatt w&auml;chst.<\/p>\n<\/div>\r\n                            <\/div>\r\n                        <\/div>\r\n                    <\/div>\r\n\t\t\t\t            <\/div>\r\n            <div class=\"btn-wrap\">\r\n                <div class=\"btn-more js-load-faqs\">Show more F. A .Q.<\/div>\r\n            <\/div>\r\n        <\/div>\r\n        <script>\r\n            document.addEventListener( 'DOMContentLoaded', function () {\r\n                const $ = sel => document.querySelector( sel );\r\n                let paged = 1;\r\n\r\n                const maxPages = 24;\r\n                const limited = Boolean(1);\r\n\r\n                let btn = $( '.js-load-faqs' );\r\n                btn.addEventListener( 'click', function ( e ) {\r\n                    this.classList.add( 'state-loading' );\r\n\r\n                    let formData = iskBuildFormData( {\r\n                        action: 'isk_get_more_faqs',\r\n                        paged: ++paged,\r\n                        per_page: 5,\r\r\n                        lang: 'de',\n                    } );\r\n\r\n                    fetch( '\/wp-admin\/admin-ajax.php', {\r\n                        method: 'POST',\r\n                        body: formData,\r\n                    } ).then( response => response.json() ).then( data => {\r\n                        let isLimited = limited && paged > 5;\r\n                        if ( maxPages <= paged || isLimited ) {\r\n                            this.style.display = 'none';\r\n                        }\r\n\r\n                        let template = data.reduce( ( accumulator, post ) => {\r\n                            return accumulator +=\r\n                                `<div class=\"faq-item wow fadeIn\" data-wow-duration=\"0.5s\" data-wow-delay=\"0.25s\">\r\n                                <div class=\"row\">\r\n                                    <div class=\"col-lg-4\">\r\n                                        <p class=\"faq-title\">${post.title}<\/p>\r\n                                    <\/div>\r\n                                    <div class=\"col-lg-8\">\r\n                                        <div class=\"faq-text\">${post.content}<\/div>\r\n                                    <\/div>\r\n                                <\/div>\r\n                            <\/div>`;\r\n                        }, '' );\r\n\r\n                        $( '.part-faq__wrapper' ).innerHTML += template;\r\n\r\n                        this.classList.remove( 'state-loading' );\r\n                    } );\r\n                } );\r\n            } );\r\n        <\/script>\r\n    <\/section>\r\n\n\n<section class=\"part-buy\">\n\t<div class=\"container\">\n        <form class=\"block-buy\" id=\"calculator-bb\" v-cloak>\n    <div class=\"row justify-content-center\">\n        <div class=\"col-lg-6\">\n            <p class=\"buy-title data-title\"> <span v-text=\"items[ state.selectedItemIndex ].name\"><\/span><\/p>\n        <\/div>\n    <\/div>\n    <div class=\"row\">\n        <div class=\"col-lg-3 order-lg-2\">\n            <div class=\"buy-type\">\n                <a v-for=\"(item, index) in items\" :href=\"item.link\">\n                    <input type=\"radio\"\n                           :id=\"'type' + item.id\"\n                           name=\"type\"\n                           hidden\n                           :checked=\"state.selectedItemIndex === index || item.id == ''\"\n                    \/>\n                    <label :for=\"'type' + item.id\" @click=\"setGameCurrency(index)\">\n                        <img loading=\"lazy\" decoding=\"async\" src=\"https:\/\/iskmarket.com\/wp-content\/themes\/iskmarket\/assets\/img\/placeholder.webp\" :data-src=\"item.img\" class=\"lazyload\" width=\"100\" height=\"100\" \/>\n                        <span v-text=\"item.name.toUpperCase()\"><\/span>\n                    <\/label>\n                <\/a>\n            <\/div>\n        <\/div>\n        <div class=\"col-lg-6 order-lg-1\">\n            <div class=\"buy-input-wrap\">\n                <div class=\"buy-input\">\n                    <div class=\"buy-label data-text\" v-text=\"items[state.selectedItemIndex].name\"><\/div>\n                    <input :min=\"items[ state.selectedItemIndex ].min\"\n                           :max=\"items[ state.selectedItemIndex ].max\"\n                           type=\"number\"\n                           v-model=\"state.currencyGame\"\n                           @change=\"validateAmount()\"\n                           name=\"currencyGame\"\n                           id=\"currencyGame\"\n                    \/>\n                    <label v-if=\"(state.currencyGame < items[ state.selectedItemIndex ].min) \" id=\"currencyGame-error\" class=\"error\" for=\"currencyGame\"> {{ items[ state.selectedItemIndex ].min }}.<\/label>\n                    <label v-if=\"(items[ state.selectedItemIndex ].max < state.currencyGame)\" id=\"currencyGame-error\" class=\"error\" for=\"currencyGame\"> {{ items[ state.selectedItemIndex ].max }}.<\/label>\n                <\/div>\n                <div class=\"buy-bonus\">\n                    <div class=\"buy-bonus-inner\">\n                        <p>{{ discount }}%<\/p>\n                        <p>+ {{ discountValue }}<\/p>\n                        <p><\/p>\n                    <\/div>\n                <\/div>\n            <\/div>\n            <div class=\"buy-input-wrap\">\n                <div class=\"buy-input\">\n                    <div class=\"buy-label\"><\/div>\n                    <input type=\"number\" :value=\"priceInCurrency\" name=\"currencyReal\" step=\"any\" @keyup=\"calculateIsk( $event )\" \/>\n                <\/div>\n                <div class=\"buy-currency-selector\">\n                    <div v-for=\"(currency, index) in currencies\">\n                        <input type=\"radio\"\n                               :id=\"'currency-'+currency.code\"\n                               :value=\"currency.code\"\n                               name=\"currency\"\n                               hidden\n                               :checked=\"index === state.selectedCurrencyIndex\"\n                        \/>\n                        <label :for=\"'currency-' + currency.code\" @click=\"setCurrency( index );\">{{ currency.code }}<\/label>\n                    <\/div>\n                <\/div>\n            <\/div>\n            <div class=\"buy-button-row\">\n                <button class=\"btn-buy\" @click.prevent=\"add2cart( $event )\">\n                    <svg width=\"375\" height=\"91\" viewBox=\"0 0 375 91\" fill=\"none\" xmlns=\"http:\/\/www.w3.org\/2000\/svg\">\n                        <path d=\"M0 0h375v71l-11.75 10-11.75 10H0V0z\" fill=\"#E9B43E\" \/>\n                    <\/svg>\n                    <span><\/span>\n                <\/button>\n                <button class=\"btn-add-to-card\" @click.prevent=\"add2cart( $event )\">+ <\/button>\n                <a href=\"#\" class=\"btn-chat\"><\/a>\n            <\/div>\n        <\/div>\n        <div class=\"col-lg-3 order-lg-0 d-none d-lg-block\">\n\t\t\t                <a href=\"\" class=\"buy-content\">\n                    <p><\/p>\n                    <p><\/p>\n                <\/a>\n\t\t\t        <\/div>\n    <\/div>\n<\/form>\t<\/div>\n<\/section>\n<script>\n\tfunction isFloat(n){\n    \treturn Number(n) === n && n % 1 !== 0;\n\t}\n    const AppData = {\n        currencies: JSON.parse(`[{\"code\":\"GBP\",\"exchange_rate\":0.00459,\"symbol\":\"\\u00a3\"},{\"code\":\"USD\",\"exchange_rate\":0.00499,\"symbol\":\"$\"},{\"code\":\"EUR\",\"exchange_rate\":0.00479,\"symbol\":\"\\u20ac\"}]`),\n        items: JSON.parse(`[]`),\n        discounts: JSON.parse(`[{\"min\":50001,\"max\":9999999,\"amount\":7},{\"min\":20001,\"max\":50000,\"amount\":6},{\"min\":10001,\"max\":20000,\"amount\":5},{\"min\":3001,\"max\":5000,\"amount\":2},{\"min\":1000,\"max\":3000,\"amount\":1},{\"min\":5001,\"max\":7000,\"amount\":3},{\"min\":7001,\"max\":10000,\"amount\":4}]`),\n        state: {\n            selectedItemIndex: 0,\n            currencyGame: 0,\n            currencyReal: 0,\n            selectedCurrencyIndex: 0,\n        }\n    };\n    const Calculator = {\n        data(){\n            return AppData;\n        },\n        methods: {\n            formatNumber( number ){\n                let decimals = number === parseInt( number ) ? 0 : 2;\n                \n\t\t\t\treturn window.number_format( number, decimals, ',', '.' );\n            },\n\n            setCurrency(index){\n                this.state.selectedCurrencyIndex = index;\n                document.cookie = 'isk_currency=' + this.currencies[index].code + '; path=\/';\n            },\n\n            add2cart( event ){\n                if( ! event.target.closest('form').reportValidity() ) return;\n                event.target.classList.add('state-loading');\n\n                let params = {\n                    action: 'isk_add_to_cart',\n                    product_id: this.items[ this.state.selectedItemIndex ].id,\n                    qty: this.state.currencyGame,\n                };\n\n                iskFetch(params).then( data =>{\n                    event.target.classList.remove( 'state-loading' );\n                    document.querySelector( '.js-cart-count' ).innerText = data.cart_total;\n\n                    if( event.target.classList.contains('btn-buy') ){\n                        document.querySelector('.btn-cart').click();\n                    }\n                });\n            },\n\n            validateAmount(){\n                let currencyAmount = this.state.currencyGame;\n                let activeItem = this.items[ this.state.selectedItemIndex ];\n\n                if( currencyAmount < activeItem.min ){\n                    this.state.currencyGame = activeItem.min;\n                }\n\n                else if( currencyAmount > activeItem.max ){\n                    this.state.currencyGame = activeItem.max;\n                }\n            },\n            calculateIsk( event ){\n\t\t\t\tclearTimeout( window.calculateIskTimeoutID );\n\t\t\t\t\n\t\t\t\twindow.calculateIskTimeoutID = setTimeout(()=>{\n\t\t\t\t\tlet fiatAmount = event.target.valueAsNumber;\n\t\t\t\t\tlet rate = this.currencies[ this.state.selectedCurrencyIndex ].exchange_rate;\n\t\t\t\t\tlet coefficient = this.items[ this.state.selectedItemIndex ].price;\n\n\t\t\t\t\tlet iskCount = fiatAmount \/ rate;\n\n\t\t\t\t\tthis.state.currencyGame = Math.round(iskCount \/ coefficient);\n\t\t\t\t}, 300);\n            },\n            setGameCurrency(index){\n                if( index === this.state.selectedItemIndex ) return;\n\n                this.state.selectedItemIndex = index;\n                this.state.currencyGame = this.items[ this.state.selectedItemIndex ].min;\n\n                \/\/document.location.href = this.items[ index ].link;\n            }\n        },\n        computed: {\n            discountValue(){\n                let sum = this.items[ this.state.selectedItemIndex ].price * this.state.currencyGame * ( this.discount \/ 100 );\n\n                return sum ? Math.round( sum ) : 0;\n            },\n\n            priceInCurrency(){\n                let sum = this.items[ this.state.selectedItemIndex ].price * this.state.currencyGame;\n                let price = sum * this.currencies[ this.state.selectedCurrencyIndex ].exchange_rate;\n\t\t\t\t\n\t\t\t\tlet result = parseFloat( price.toFixed(2) );\n                return isFloat( result ) ? price.toFixed(2) : parseInt( result );\n            },\n\n            discount(){\n                let userDiscount = +`0`;\n                function and(p1, p2){\n                    return p1 && p2;\n                }\n\n                let amount = this.items[ this.state.selectedItemIndex ].price * this.state.currencyGame;\n                let discount = 0;\n                this.discounts.forEach( obj =>{\n                   if( and( amount <= obj.max, amount >= obj.min ) ){\n                       discount = obj.amount;\n                   }\n                });\n\n                return Math.max( userDiscount, discount );\n            }\n        },\n\n        mounted(){\n            window.addEventListener('beforeunload', ()=> {\n               localStorage.setItem('calculatorState', JSON.stringify( this.state ));\n            });\n\n            let state = localStorage.getItem('calculatorState');\n            if( state ){\n                this.state = JSON.parse( state );\n            }\n\n            if( this.state.currencyGame < this.items[ this.state.selectedItemIndex ].min ){\n                this.state.currencyGame = this.items[ this.state.selectedItemIndex ].min;\n            }\n\n            if ( localStorage.getItem( 'buyClicked' ) === '1' ) {\n                localStorage.removeItem( 'buyClicked' );\n                this.state.selectedItemIndex = 2;\n            }\n\n            document.querySelectorAll('.buy-type input:checked').forEach( input => input.nextElementSibling.click() );\n        }\n    };\n    const App = Vue.createApp( Calculator );\n    const App2 = Vue.createApp( Calculator );\n    App.mount('#calculator-mb');\n    App2.mount('#calculator-bb');\n<\/script>\n\n\n<p><\/p>\n","protected":false},"excerpt":{"rendered":"","protected":false},"author":1,"featured_media":0,"parent":0,"menu_order":0,"comment_status":"closed","ping_status":"closed","template":"","meta":{"inline_featured_image":false,"footnotes":""},"class_list":["post-3540","page","type-page","status-publish","hentry"],"acf":[],"yoast_head":"<!-- This site is optimized with the Yoast SEO plugin v27.0 - https:\/\/yoast.com\/product\/yoast-seo-wordpress\/ -->\n<title>FAQ - IskMarket.com<\/title>\n<meta name=\"description\" content=\"Answers to frequently asked questions about our work. 24\/7 Live Support. All items farmed by us.\" \/>\n<meta name=\"robots\" content=\"index, follow, max-snippet:-1, max-image-preview:large, max-video-preview:-1\" \/>\n<link rel=\"canonical\" href=\"https:\/\/iskmarket.com\/de\/faq\/\" \/>\n<meta property=\"og:locale\" content=\"de_DE\" \/>\n<meta property=\"og:type\" content=\"article\" \/>\n<meta property=\"og:title\" content=\"FAQ - IskMarket.com\" \/>\n<meta property=\"og:description\" content=\"Answers to frequently asked questions about our work. 24\/7 Live Support. All items farmed by us.\" \/>\n<meta property=\"og:url\" content=\"https:\/\/iskmarket.com\/de\/faq\/\" \/>\n<meta property=\"og:site_name\" content=\"IskMarket\" \/>\n<meta property=\"article:modified_time\" content=\"2022-08-28T17:19:20+00:00\" \/>\n<meta name=\"twitter:card\" content=\"summary_large_image\" \/>\n<script type=\"application\/ld+json\" class=\"yoast-schema-graph\">{\"@context\":\"https:\/\/schema.org\",\"@graph\":[{\"@type\":\"WebPage\",\"@id\":\"https:\/\/iskmarket.com\/de\/faq\/\",\"url\":\"https:\/\/iskmarket.com\/de\/faq\/\",\"name\":\"FAQ - IskMarket.com\",\"isPartOf\":{\"@id\":\"https:\/\/iskmarket.com\/#website\"},\"datePublished\":\"2021-12-07T04:17:29+00:00\",\"dateModified\":\"2022-08-28T17:19:20+00:00\",\"description\":\"Answers to frequently asked questions about our work. 24\/7 Live Support. All items farmed by us.\",\"breadcrumb\":{\"@id\":\"https:\/\/iskmarket.com\/de\/faq\/#breadcrumb\"},\"inLanguage\":\"de\",\"potentialAction\":[{\"@type\":\"ReadAction\",\"target\":[\"https:\/\/iskmarket.com\/de\/faq\/\"]}]},{\"@type\":\"BreadcrumbList\",\"@id\":\"https:\/\/iskmarket.com\/de\/faq\/#breadcrumb\",\"itemListElement\":[{\"@type\":\"ListItem\",\"position\":1,\"name\":\"Isk Market\",\"item\":\"https:\/\/iskmarket.com\/de\/\"},{\"@type\":\"ListItem\",\"position\":2,\"name\":\"FAQ\"}]},{\"@type\":\"WebSite\",\"@id\":\"https:\/\/iskmarket.com\/#website\",\"url\":\"https:\/\/iskmarket.com\/\",\"name\":\"IskMarket\",\"description\":\"Eve ISK, ships, characters, P.L.E.X and more\",\"publisher\":{\"@id\":\"https:\/\/iskmarket.com\/#organization\"},\"potentialAction\":[{\"@type\":\"SearchAction\",\"target\":{\"@type\":\"EntryPoint\",\"urlTemplate\":\"https:\/\/iskmarket.com\/?s={search_term_string}\"},\"query-input\":{\"@type\":\"PropertyValueSpecification\",\"valueRequired\":true,\"valueName\":\"search_term_string\"}}],\"inLanguage\":\"de\"},{\"@type\":\"Organization\",\"@id\":\"https:\/\/iskmarket.com\/#organization\",\"name\":\"IskMarket\",\"url\":\"https:\/\/iskmarket.com\/\",\"logo\":{\"@type\":\"ImageObject\",\"inLanguage\":\"de\",\"@id\":\"https:\/\/iskmarket.com\/#\/schema\/logo\/image\/\",\"url\":\"https:\/\/iskmarket.com\/wp-content\/uploads\/2021\/12\/logo.png\",\"contentUrl\":\"https:\/\/iskmarket.com\/wp-content\/uploads\/2021\/12\/logo.png\",\"width\":180,\"height\":49,\"caption\":\"IskMarket\"},\"image\":{\"@id\":\"https:\/\/iskmarket.com\/#\/schema\/logo\/image\/\"}}]}<\/script>\n<!-- \/ Yoast SEO plugin. -->","yoast_head_json":{"title":"FAQ - IskMarket.com","description":"Answers to frequently asked questions about our work. 24\/7 Live Support. All items farmed by us.","robots":{"index":"index","follow":"follow","max-snippet":"max-snippet:-1","max-image-preview":"max-image-preview:large","max-video-preview":"max-video-preview:-1"},"canonical":"https:\/\/iskmarket.com\/de\/faq\/","og_locale":"de_DE","og_type":"article","og_title":"FAQ - IskMarket.com","og_description":"Answers to frequently asked questions about our work. 24\/7 Live Support. All items farmed by us.","og_url":"https:\/\/iskmarket.com\/de\/faq\/","og_site_name":"IskMarket","article_modified_time":"2022-08-28T17:19:20+00:00","twitter_card":"summary_large_image","schema":{"@context":"https:\/\/schema.org","@graph":[{"@type":"WebPage","@id":"https:\/\/iskmarket.com\/de\/faq\/","url":"https:\/\/iskmarket.com\/de\/faq\/","name":"FAQ - IskMarket.com","isPartOf":{"@id":"https:\/\/iskmarket.com\/#website"},"datePublished":"2021-12-07T04:17:29+00:00","dateModified":"2022-08-28T17:19:20+00:00","description":"Answers to frequently asked questions about our work. 24\/7 Live Support. All items farmed by us.","breadcrumb":{"@id":"https:\/\/iskmarket.com\/de\/faq\/#breadcrumb"},"inLanguage":"de","potentialAction":[{"@type":"ReadAction","target":["https:\/\/iskmarket.com\/de\/faq\/"]}]},{"@type":"BreadcrumbList","@id":"https:\/\/iskmarket.com\/de\/faq\/#breadcrumb","itemListElement":[{"@type":"ListItem","position":1,"name":"Isk Market","item":"https:\/\/iskmarket.com\/de\/"},{"@type":"ListItem","position":2,"name":"FAQ"}]},{"@type":"WebSite","@id":"https:\/\/iskmarket.com\/#website","url":"https:\/\/iskmarket.com\/","name":"IskMarket","description":"Eve ISK, ships, characters, P.L.E.X and more","publisher":{"@id":"https:\/\/iskmarket.com\/#organization"},"potentialAction":[{"@type":"SearchAction","target":{"@type":"EntryPoint","urlTemplate":"https:\/\/iskmarket.com\/?s={search_term_string}"},"query-input":{"@type":"PropertyValueSpecification","valueRequired":true,"valueName":"search_term_string"}}],"inLanguage":"de"},{"@type":"Organization","@id":"https:\/\/iskmarket.com\/#organization","name":"IskMarket","url":"https:\/\/iskmarket.com\/","logo":{"@type":"ImageObject","inLanguage":"de","@id":"https:\/\/iskmarket.com\/#\/schema\/logo\/image\/","url":"https:\/\/iskmarket.com\/wp-content\/uploads\/2021\/12\/logo.png","contentUrl":"https:\/\/iskmarket.com\/wp-content\/uploads\/2021\/12\/logo.png","width":180,"height":49,"caption":"IskMarket"},"image":{"@id":"https:\/\/iskmarket.com\/#\/schema\/logo\/image\/"}}]}},"_links":{"self":[{"href":"https:\/\/iskmarket.com\/de\/wp-json\/wp\/v2\/pages\/3540","targetHints":{"allow":["GET"]}}],"collection":[{"href":"https:\/\/iskmarket.com\/de\/wp-json\/wp\/v2\/pages"}],"about":[{"href":"https:\/\/iskmarket.com\/de\/wp-json\/wp\/v2\/types\/page"}],"author":[{"embeddable":true,"href":"https:\/\/iskmarket.com\/de\/wp-json\/wp\/v2\/users\/1"}],"replies":[{"embeddable":true,"href":"https:\/\/iskmarket.com\/de\/wp-json\/wp\/v2\/comments?post=3540"}],"version-history":[{"count":1,"href":"https:\/\/iskmarket.com\/de\/wp-json\/wp\/v2\/pages\/3540\/revisions"}],"predecessor-version":[{"id":3542,"href":"https:\/\/iskmarket.com\/de\/wp-json\/wp\/v2\/pages\/3540\/revisions\/3542"}],"wp:attachment":[{"href":"https:\/\/iskmarket.com\/de\/wp-json\/wp\/v2\/media?parent=3540"}],"curies":[{"name":"wp","href":"https:\/\/api.w.org\/{rel}","templated":true}]}}